{"id":612365,"date":"2025-08-10T08:46:48","date_gmt":"2025-08-10T06:46:48","guid":{"rendered":"https:\/\/lucacastelli.com\/prodotto\/milwaukee-t-griff-schluessel-mit-gelenkigem-innensechskant-3\/"},"modified":"2025-08-10T08:46:48","modified_gmt":"2025-08-10T06:46:48","slug":"milwaukee-t-griff-schluessel-mit-gelenkigem-innensechskant-3","status":"publish","type":"product","link":"https:\/\/lucacastelli.com\/de\/produkt\/milwaukee-t-griff-schluessel-mit-gelenkigem-innensechskant-3\/","title":{"rendered":"Milwaukee T-Griff-Schl\u00fcssel mit gelenkigem Innensechskant"},"content":{"rendered":"<p>Sechskant-Steckschl\u00fcssel 11 MM<br \/>\n180 Grad schwenkbarer Arbeitskopf f\u00fcr optimalen Zugang in engen Baur\u00e4umen;Flexibler, verschiebbarer Griff f\u00fcr optimale Anpassung an verschiedene Positionen, die mehr Hebelkraft bieten oder das Arbeiten in engen R\u00e4umen erleichtern;Steckschl\u00fcsseleins\u00e4tze sind auch ideal f\u00fcr die Befestigung von Muttern mit langen Schrauben<\/p>\n<p>4932492680<br \/>\n4058546475512<\/p>\n","protected":false},"excerpt":{"rendered":"<p>INNENSECHSKANTSCHL\u00dcSSEL 11 MM<\/p>\n","protected":false},"featured_media":557954,"template":"","meta":{"_seopress_robots_primary_cat":"","_seopress_titles_title":"","_seopress_titles_desc":"","_seopress_robots_index":""},"product_brand":[3407],"product_cat":[5416,33],"product_tag":[3270],"class_list":{"0":"post-612365","1":"product","2":"type-product","3":"status-publish","4":"has-post-thumbnail","6":"product_brand-milwaukee","7":"product_cat-utensili-per-officina","8":"product_cat-attrezzature","9":"product_tag-import-milwau","10":"sws-conto-ricavi-merci-rivendita-macchinari-de","11":"sws-gruppo-iva-iva81-de","13":"first","14":"onbackorder","15":"sale","16":"shipping-taxable","17":"purchasable","18":"product-type-simple"},"_links":{"self":[{"href":"https:\/\/lucacastelli.com\/de\/wp-json\/wp\/v2\/product\/612365","targetHints":{"allow":["GET"]}}],"collection":[{"href":"https:\/\/lucacastelli.com\/de\/wp-json\/wp\/v2\/product"}],"about":[{"href":"https:\/\/lucacastelli.com\/de\/wp-json\/wp\/v2\/types\/product"}],"wp:featuredmedia":[{"embeddable":true,"href":"https:\/\/lucacastelli.com\/de\/wp-json\/wp\/v2\/media\/557954"}],"wp:attachment":[{"href":"https:\/\/lucacastelli.com\/de\/wp-json\/wp\/v2\/media?parent=612365"}],"wp:term":[{"taxonomy":"product_brand","embeddable":true,"href":"https:\/\/lucacastelli.com\/de\/wp-json\/wp\/v2\/product_brand?post=612365"},{"taxonomy":"product_cat","embeddable":true,"href":"https:\/\/lucacastelli.com\/de\/wp-json\/wp\/v2\/product_cat?post=612365"},{"taxonomy":"product_tag","embeddable":true,"href":"https:\/\/lucacastelli.com\/de\/wp-json\/wp\/v2\/product_tag?post=612365"}],"curies":[{"name":"wp","href":"https:\/\/api.w.org\/{rel}","templated":true}]}}