{"id":612330,"date":"2025-08-10T14:11:05","date_gmt":"2025-08-10T12:11:05","guid":{"rendered":"https:\/\/lucacastelli.com\/prodotto\/milwaukee-m12-raptor-inox-stahltrennscheiben-2-stueck\/"},"modified":"2026-02-15T16:29:55","modified_gmt":"2026-02-15T15:29:55","slug":"milwaukee-m12-raptor-inox-stahltrennscheiben-2-stueck","status":"publish","type":"product","link":"https:\/\/lucacastelli.com\/de\/produkt\/milwaukee-m12-raptor-inox-stahltrennscheiben-2-stueck\/","title":{"rendered":"Milwaukee M12\u2122 RAPTOR\u2122 INOX Stahltrennscheiben &#8211; 2 St\u00fcck"},"content":{"rendered":"<p>PCSSW \/ SYSTEM ACCESSORIES<br \/>\nErsatzschneidrad (2 R\u00e4der) f\u00fcr M12-Rohrabschneider, geeignet f\u00fcr Edelstahlrohre<\/p>\n<p>4932479243<br \/>\n4058546370374<\/p>\n","protected":false},"excerpt":{"rendered":"<p>PCSSW \/SYSTEMZUBEH\u00d6R<\/p>\n","protected":false},"featured_media":543446,"template":"","meta":{"_seopress_robots_primary_cat":"","_seopress_titles_title":"","_seopress_titles_desc":"","_seopress_robots_index":""},"product_brand":[3656],"product_cat":[169,1541],"product_tag":[3272],"class_list":{"0":"post-612330","1":"product","2":"type-product","3":"status-publish","4":"has-post-thumbnail","6":"product_brand-milwaukee-de","7":"product_cat-maschinen","8":"product_cat-zerkleinerungsmaschinen","9":"product_tag-import-milwau-de","10":"sws-conto-ricavi-merci-rivendita-macchinari-de","11":"sws-gruppo-iva-iva81-de","13":"first","14":"onbackorder","15":"sale","16":"shipping-taxable","17":"purchasable","18":"product-type-simple"},"_links":{"self":[{"href":"https:\/\/lucacastelli.com\/de\/wp-json\/wp\/v2\/product\/612330","targetHints":{"allow":["GET"]}}],"collection":[{"href":"https:\/\/lucacastelli.com\/de\/wp-json\/wp\/v2\/product"}],"about":[{"href":"https:\/\/lucacastelli.com\/de\/wp-json\/wp\/v2\/types\/product"}],"wp:featuredmedia":[{"embeddable":true,"href":"https:\/\/lucacastelli.com\/de\/wp-json\/wp\/v2\/media\/543446"}],"wp:attachment":[{"href":"https:\/\/lucacastelli.com\/de\/wp-json\/wp\/v2\/media?parent=612330"}],"wp:term":[{"taxonomy":"product_brand","embeddable":true,"href":"https:\/\/lucacastelli.com\/de\/wp-json\/wp\/v2\/product_brand?post=612330"},{"taxonomy":"product_cat","embeddable":true,"href":"https:\/\/lucacastelli.com\/de\/wp-json\/wp\/v2\/product_cat?post=612330"},{"taxonomy":"product_tag","embeddable":true,"href":"https:\/\/lucacastelli.com\/de\/wp-json\/wp\/v2\/product_tag?post=612330"}],"curies":[{"name":"wp","href":"https:\/\/api.w.org\/{rel}","templated":true}]}}