{"id":612327,"date":"2025-08-10T14:08:23","date_gmt":"2025-08-10T12:08:23","guid":{"rendered":"https:\/\/lucacastelli.com\/prodotto\/milwaukee-faecherschleifscheiben-fuer-aluminium\/"},"modified":"2025-08-10T14:08:23","modified_gmt":"2025-08-10T12:08:23","slug":"milwaukee-faecherschleifscheiben-fuer-aluminium","status":"publish","type":"product","link":"https:\/\/lucacastelli.com\/de\/produkt\/milwaukee-faecherschleifscheiben-fuer-aluminium\/","title":{"rendered":"Milwaukee F\u00e4cherschleifscheiben f\u00fcr Aluminium"},"content":{"rendered":"<p>FLAP DISC ALU SLC50\/115mm G40-1 St.<br \/>\nIdeal f\u00fcr Aluminium, Buntmetalle und Holz;Spezielle Lamellenbeschichtung verhindert das Verstopfen der Scheibe w\u00e4hrend der Anwendung;Selbstschrumpfender Kunststoff-St\u00fctzteller;Made in Germany;Nur in Packungen zu 10 St\u00fcck bestellen.<\/p>\n<p>4932479089<br \/>\n4058546368838<\/p>\n","protected":false},"excerpt":{"rendered":"<p>FLAP DISC ALU SLC50\/115mm G40-1 St.<\/p>\n","protected":false},"featured_media":543108,"template":"","meta":{"_seopress_robots_primary_cat":"","_seopress_titles_title":"","_seopress_titles_desc":"","_seopress_robots_index":""},"product_brand":[3656],"product_cat":[169,1541],"product_tag":[3272],"class_list":{"0":"post-612327","1":"product","2":"type-product","3":"status-publish","4":"has-post-thumbnail","6":"product_brand-milwaukee-de","7":"product_cat-maschinen","8":"product_cat-zerkleinerungsmaschinen","9":"product_tag-import-milwau-de","10":"sws-conto-ricavi-merci-rivendita-macchinari-de","11":"sws-gruppo-iva-iva81-de","13":"first","14":"onbackorder","15":"shipping-taxable","16":"purchasable","17":"product-type-simple"},"_links":{"self":[{"href":"https:\/\/lucacastelli.com\/de\/wp-json\/wp\/v2\/product\/612327","targetHints":{"allow":["GET"]}}],"collection":[{"href":"https:\/\/lucacastelli.com\/de\/wp-json\/wp\/v2\/product"}],"about":[{"href":"https:\/\/lucacastelli.com\/de\/wp-json\/wp\/v2\/types\/product"}],"wp:featuredmedia":[{"embeddable":true,"href":"https:\/\/lucacastelli.com\/de\/wp-json\/wp\/v2\/media\/543108"}],"wp:attachment":[{"href":"https:\/\/lucacastelli.com\/de\/wp-json\/wp\/v2\/media?parent=612327"}],"wp:term":[{"taxonomy":"product_brand","embeddable":true,"href":"https:\/\/lucacastelli.com\/de\/wp-json\/wp\/v2\/product_brand?post=612327"},{"taxonomy":"product_cat","embeddable":true,"href":"https:\/\/lucacastelli.com\/de\/wp-json\/wp\/v2\/product_cat?post=612327"},{"taxonomy":"product_tag","embeddable":true,"href":"https:\/\/lucacastelli.com\/de\/wp-json\/wp\/v2\/product_tag?post=612327"}],"curies":[{"name":"wp","href":"https:\/\/api.w.org\/{rel}","templated":true}]}}