{"id":612301,"date":"2025-08-10T14:08:15","date_gmt":"2025-08-10T12:08:15","guid":{"rendered":"https:\/\/lucacastelli.com\/prodotto\/milwaukee-flap-discs-2\/"},"modified":"2025-08-10T14:08:15","modified_gmt":"2025-08-10T12:08:15","slug":"milwaukee-flap-discs-2","status":"publish","type":"product","link":"https:\/\/lucacastelli.com\/de\/produkt\/milwaukee-flap-discs-2\/","title":{"rendered":"Milwaukee Flap Discs."},"content":{"rendered":"<p>CERAMIC LAMELLAR DISCS 115mm G60 -1pcs<br \/>\nCERA TURBO\u2122 Scheiben sind bis zu 50% schneller beim Abtragen von Material. Bis zu 2-mal l\u00e4ngere Lebensdauer &#8211; die Scheibe kann durchg\u00e4ngig verwendet werden;Hybrid-Keramikscheibe f\u00fcr: Stahl, Edelstahl, Bronze, Titan, Aluminium;Kunststoffunterlage;Hochflexibel: passt sich perfekt an das Werkst\u00fcck an;Geringe W\u00e4rmeentwicklung: kein Metallverzug, besonders bei Edelstahl;Made in Germany;Funktioniert am besten bei eisenhaltigen Materialien, Edelstahl V2A (1.4301) \/ V4A (1.440) und Nichteisenwerkstoffen (Aluminium, Titan, etc.);Made in Germany;Anwendungen: Eisenwerkstoffe, Nichteisenwerkstoffe (Aluminium, Titan, etc.), Edelstahl V2A (1.4301) \/ V4A (1.4401) <\/p>\n<p>4932472229<br \/>\n4058546326258<\/p>\n","protected":false},"excerpt":{"rendered":"<p>KERAMISCHE LAMELLAR-SCHEIBE 115mm G60 -1St.<\/p>\n","protected":false},"featured_media":539594,"template":"","meta":{"_seopress_robots_primary_cat":"","_seopress_titles_title":"","_seopress_titles_desc":"","_seopress_robots_index":""},"product_brand":[3407],"product_cat":[29,555],"product_tag":[3270],"class_list":{"0":"post-612301","1":"product","2":"type-product","3":"status-publish","4":"has-post-thumbnail","6":"product_brand-milwaukee","7":"product_cat-macchinari","8":"product_cat-smerigliatrici","9":"product_tag-import-milwau","10":"sws-conto-ricavi-merci-rivendita-macchinari-de","11":"sws-gruppo-iva-iva81-de","13":"first","14":"onbackorder","15":"shipping-taxable","16":"purchasable","17":"product-type-simple"},"_links":{"self":[{"href":"https:\/\/lucacastelli.com\/de\/wp-json\/wp\/v2\/product\/612301","targetHints":{"allow":["GET"]}}],"collection":[{"href":"https:\/\/lucacastelli.com\/de\/wp-json\/wp\/v2\/product"}],"about":[{"href":"https:\/\/lucacastelli.com\/de\/wp-json\/wp\/v2\/types\/product"}],"wp:featuredmedia":[{"embeddable":true,"href":"https:\/\/lucacastelli.com\/de\/wp-json\/wp\/v2\/media\/539594"}],"wp:attachment":[{"href":"https:\/\/lucacastelli.com\/de\/wp-json\/wp\/v2\/media?parent=612301"}],"wp:term":[{"taxonomy":"product_brand","embeddable":true,"href":"https:\/\/lucacastelli.com\/de\/wp-json\/wp\/v2\/product_brand?post=612301"},{"taxonomy":"product_cat","embeddable":true,"href":"https:\/\/lucacastelli.com\/de\/wp-json\/wp\/v2\/product_cat?post=612301"},{"taxonomy":"product_tag","embeddable":true,"href":"https:\/\/lucacastelli.com\/de\/wp-json\/wp\/v2\/product_tag?post=612301"}],"curies":[{"name":"wp","href":"https:\/\/api.w.org\/{rel}","templated":true}]}}