{"id":612299,"date":"2025-08-10T14:08:13","date_gmt":"2025-08-10T12:08:13","guid":{"rendered":"https:\/\/lucacastelli.com\/prodotto\/milwaukee-zirkonium-faecherschleifscheiben\/"},"modified":"2025-08-10T14:08:13","modified_gmt":"2025-08-10T12:08:13","slug":"milwaukee-zirkonium-faecherschleifscheiben","status":"publish","type":"product","link":"https:\/\/lucacastelli.com\/de\/produkt\/milwaukee-zirkonium-faecherschleifscheiben\/","title":{"rendered":"Milwaukee Zirkonium F\u00e4cherschleifscheiben"},"content":{"rendered":"<p>ZIRCONIA GRINDING DISCS 125mm G120 -1pcs<br \/>\nHohe Qualit\u00e4t des Zirkoniumkorns mit langer Standzeit auf Eisenwerkstoffen und rostfreiem Stahl;Geeignet f\u00fcr Eisenwerkstoffe, rostfreien Stahl V2A (1.4301) \/ V4A (1.4401);St\u00fctzteller aus Naturfasern f\u00fcr geringe Vibrationen und Ger\u00e4usche, kein sch\u00e4dlicher Staub und umweltfreundlich;Flexibler St\u00fctzteller, der sich perfekt an das Werkst\u00fcck anpasst;Made in Germany;Bestellungen m\u00fcssen in Vielfachen von 10 St\u00fcck aufgegeben werden;Anwendungen: Eisenmetalle, Edelstahl V2A (1.4301) \/ V4A (1.4401);Nur in Packungen mit 10 St\u00fcck erh\u00e4ltlich;<\/p>\n<p>4932472227<br \/>\n4058546326234<\/p>\n","protected":false},"excerpt":{"rendered":"<p>LAMELLAR ZIRCONY DISCS 125mm G120 -1pcs.<\/p>\n","protected":false},"featured_media":539550,"template":"","meta":{"_seopress_robots_primary_cat":"","_seopress_titles_title":"","_seopress_titles_desc":"","_seopress_robots_index":""},"product_brand":[3407],"product_cat":[29,555],"product_tag":[3270],"class_list":{"0":"post-612299","1":"product","2":"type-product","3":"status-publish","4":"has-post-thumbnail","6":"product_brand-milwaukee","7":"product_cat-macchinari","8":"product_cat-smerigliatrici","9":"product_tag-import-milwau","10":"sws-conto-ricavi-merci-rivendita-macchinari-de","11":"sws-gruppo-iva-iva81-de","13":"first","14":"onbackorder","15":"shipping-taxable","16":"purchasable","17":"product-type-simple"},"_links":{"self":[{"href":"https:\/\/lucacastelli.com\/de\/wp-json\/wp\/v2\/product\/612299","targetHints":{"allow":["GET"]}}],"collection":[{"href":"https:\/\/lucacastelli.com\/de\/wp-json\/wp\/v2\/product"}],"about":[{"href":"https:\/\/lucacastelli.com\/de\/wp-json\/wp\/v2\/types\/product"}],"wp:featuredmedia":[{"embeddable":true,"href":"https:\/\/lucacastelli.com\/de\/wp-json\/wp\/v2\/media\/539550"}],"wp:attachment":[{"href":"https:\/\/lucacastelli.com\/de\/wp-json\/wp\/v2\/media?parent=612299"}],"wp:term":[{"taxonomy":"product_brand","embeddable":true,"href":"https:\/\/lucacastelli.com\/de\/wp-json\/wp\/v2\/product_brand?post=612299"},{"taxonomy":"product_cat","embeddable":true,"href":"https:\/\/lucacastelli.com\/de\/wp-json\/wp\/v2\/product_cat?post=612299"},{"taxonomy":"product_tag","embeddable":true,"href":"https:\/\/lucacastelli.com\/de\/wp-json\/wp\/v2\/product_tag?post=612299"}],"curies":[{"name":"wp","href":"https:\/\/api.w.org\/{rel}","templated":true}]}}