{"id":612290,"date":"2025-08-10T17:12:31","date_gmt":"2025-08-10T15:12:31","guid":{"rendered":"https:\/\/lucacastelli.com\/prodotto\/milwaukee-stuetzteller-fuer-m12-fros-weicher-klettverschluss\/"},"modified":"2025-08-10T17:12:31","modified_gmt":"2025-08-10T15:12:31","slug":"milwaukee-stuetzteller-fuer-m12-fros-weicher-klettverschluss","status":"publish","type":"product","link":"https:\/\/lucacastelli.com\/de\/produkt\/milwaukee-stuetzteller-fuer-m12-fros-weicher-klettverschluss\/","title":{"rendered":"Milwaukee St\u00fctzteller f\u00fcr M12 FROS &#8211; Weicher Klettverschluss"},"content":{"rendered":"<p>St\u00fctzteller f\u00fcr M12 FROS &#8211; Weiches Klettband<br \/>\nSchleifteller f\u00fcr M12 FUEL 150 mm Exzenterschleifer;Weiches und klettbandgest\u00fctztes<\/p>\n<p>4932499244<br \/>\n4058546564087<\/p>\n","protected":false},"excerpt":{"rendered":"<p>St\u00fctzteller f\u00fcr M12 FROS &#8211; Weicher Klettverschluss<\/p>\n","protected":false},"featured_media":591238,"template":"","meta":{"_seopress_robots_primary_cat":"","_seopress_titles_title":"","_seopress_titles_desc":"","_seopress_robots_index":""},"product_brand":[3407],"product_cat":[5531,29],"product_tag":[3270],"class_list":{"0":"post-612290","1":"product","2":"type-product","3":"status-publish","4":"has-post-thumbnail","6":"product_brand-milwaukee","7":"product_cat-vari-macchinari-milwaukee","8":"product_cat-macchinari","9":"product_tag-import-milwau","10":"sws-conto-ricavi-merci-rivendita-macchinari-de","11":"sws-gruppo-iva-iva81-de","13":"first","14":"onbackorder","15":"sale","16":"shipping-taxable","17":"purchasable","18":"product-type-simple"},"_links":{"self":[{"href":"https:\/\/lucacastelli.com\/de\/wp-json\/wp\/v2\/product\/612290","targetHints":{"allow":["GET"]}}],"collection":[{"href":"https:\/\/lucacastelli.com\/de\/wp-json\/wp\/v2\/product"}],"about":[{"href":"https:\/\/lucacastelli.com\/de\/wp-json\/wp\/v2\/types\/product"}],"wp:featuredmedia":[{"embeddable":true,"href":"https:\/\/lucacastelli.com\/de\/wp-json\/wp\/v2\/media\/591238"}],"wp:attachment":[{"href":"https:\/\/lucacastelli.com\/de\/wp-json\/wp\/v2\/media?parent=612290"}],"wp:term":[{"taxonomy":"product_brand","embeddable":true,"href":"https:\/\/lucacastelli.com\/de\/wp-json\/wp\/v2\/product_brand?post=612290"},{"taxonomy":"product_cat","embeddable":true,"href":"https:\/\/lucacastelli.com\/de\/wp-json\/wp\/v2\/product_cat?post=612290"},{"taxonomy":"product_tag","embeddable":true,"href":"https:\/\/lucacastelli.com\/de\/wp-json\/wp\/v2\/product_tag?post=612290"}],"curies":[{"name":"wp","href":"https:\/\/api.w.org\/{rel}","templated":true}]}}