{"id":612287,"date":"2025-08-10T15:19:58","date_gmt":"2025-08-10T13:19:58","guid":{"rendered":"https:\/\/lucacastelli.com\/prodotto\/milwaukee-anti-beschlag-anti-kratz-schutzbrille-8\/"},"modified":"2025-08-10T15:19:58","modified_gmt":"2025-08-10T13:19:58","slug":"milwaukee-anti-beschlag-anti-kratz-schutzbrille-8","status":"publish","type":"product","link":"https:\/\/lucacastelli.com\/de\/produkt\/milwaukee-anti-beschlag-anti-kratz-schutzbrille-8\/","title":{"rendered":"Milwaukee Anti-Beschlag\/Anti-Kratz-Schutzbrille"},"content":{"rendered":"<p>BULK ENHANCED SAFETY GLASSES CLEAR<br \/>\nLeichtes Gewicht f\u00fcr mehr Komfort beim Tragen; kratzfeste Gl\u00e4ser; beschlagfreie Gl\u00e4ser; bequeme und flexible B\u00fcgel f\u00fcr mehr Komfort; europ\u00e4ische Zertifizierung: EN166 und EN170 \/ EN172<\/p>\n<p>4932479024<br \/>\n4058546363147<\/p>\n","protected":false},"excerpt":{"rendered":"<p>BULK ENHANCED SCHUTZBRILLE KLAR<\/p>\n","protected":false},"featured_media":542715,"template":"","meta":{"_seopress_robots_primary_cat":"","_seopress_titles_title":"","_seopress_titles_desc":"","_seopress_robots_index":""},"product_brand":[3656],"product_cat":[1396,150,1411],"product_tag":[3272],"class_list":{"0":"post-612287","1":"product","2":"type-product","3":"status-publish","4":"has-post-thumbnail","6":"product_brand-milwaukee-de","7":"product_cat-arbeitsausrustung","8":"product_cat-ausrustung","9":"product_cat-visiere-und-schutzbrillen","10":"product_tag-import-milwau-de","11":"sws-conto-ricavi-merci-rivendita-macchinari-de","12":"sws-gruppo-iva-iva81-de","14":"first","15":"onbackorder","16":"sale","17":"shipping-taxable","18":"purchasable","19":"product-type-simple"},"_links":{"self":[{"href":"https:\/\/lucacastelli.com\/de\/wp-json\/wp\/v2\/product\/612287","targetHints":{"allow":["GET"]}}],"collection":[{"href":"https:\/\/lucacastelli.com\/de\/wp-json\/wp\/v2\/product"}],"about":[{"href":"https:\/\/lucacastelli.com\/de\/wp-json\/wp\/v2\/types\/product"}],"wp:featuredmedia":[{"embeddable":true,"href":"https:\/\/lucacastelli.com\/de\/wp-json\/wp\/v2\/media\/542715"}],"wp:attachment":[{"href":"https:\/\/lucacastelli.com\/de\/wp-json\/wp\/v2\/media?parent=612287"}],"wp:term":[{"taxonomy":"product_brand","embeddable":true,"href":"https:\/\/lucacastelli.com\/de\/wp-json\/wp\/v2\/product_brand?post=612287"},{"taxonomy":"product_cat","embeddable":true,"href":"https:\/\/lucacastelli.com\/de\/wp-json\/wp\/v2\/product_cat?post=612287"},{"taxonomy":"product_tag","embeddable":true,"href":"https:\/\/lucacastelli.com\/de\/wp-json\/wp\/v2\/product_tag?post=612287"}],"curies":[{"name":"wp","href":"https:\/\/api.w.org\/{rel}","templated":true}]}}