{"id":612281,"date":"2025-08-10T15:19:57","date_gmt":"2025-08-10T13:19:57","guid":{"rendered":"https:\/\/lucacastelli.com\/prodotto\/milwaukee-anti-beschlag-anti-kratz-schutzbrille-6\/"},"modified":"2025-08-10T15:19:57","modified_gmt":"2025-08-10T13:19:57","slug":"milwaukee-anti-beschlag-anti-kratz-schutzbrille-6","status":"publish","type":"product","link":"https:\/\/lucacastelli.com\/de\/produkt\/milwaukee-anti-beschlag-anti-kratz-schutzbrille-6\/","title":{"rendered":"Milwaukee Anti-Beschlag\/Anti-Kratz-Schutzbrille"},"content":{"rendered":"<p>BULK ENHANCED SAFETY GLASSES TINTED<br \/>\nLeichtes Gewicht f\u00fcr mehr Komfort beim Tragen; kratzfeste Gl\u00e4ser; beschlagfreie Gl\u00e4ser; bequeme und flexible B\u00fcgel f\u00fcr mehr Komfort; europ\u00e4ische Zertifizierung: EN166 und EN170 \/ EN172<\/p>\n<p>4932479025<br \/>\n4058546363154<\/p>\n","protected":false},"excerpt":{"rendered":"<p>VERBESSERTE SCHUTZBRILLE GET\u00d6NT<\/p>\n","protected":false},"featured_media":542720,"template":"","meta":{"_seopress_robots_primary_cat":"","_seopress_titles_title":"","_seopress_titles_desc":"","_seopress_robots_index":""},"product_brand":[3407],"product_cat":[33,537,816],"product_tag":[3270],"class_list":{"0":"post-612281","1":"product","2":"type-product","3":"status-publish","4":"has-post-thumbnail","6":"product_brand-milwaukee","7":"product_cat-attrezzature","8":"product_cat-attrezzatura-da-lavoro","9":"product_cat-visiere-e-occhiali-protettivi","10":"product_tag-import-milwau","11":"sws-conto-ricavi-merci-rivendita-macchinari-de","12":"sws-gruppo-iva-iva81-de","14":"first","15":"onbackorder","16":"sale","17":"shipping-taxable","18":"purchasable","19":"product-type-simple"},"_links":{"self":[{"href":"https:\/\/lucacastelli.com\/de\/wp-json\/wp\/v2\/product\/612281","targetHints":{"allow":["GET"]}}],"collection":[{"href":"https:\/\/lucacastelli.com\/de\/wp-json\/wp\/v2\/product"}],"about":[{"href":"https:\/\/lucacastelli.com\/de\/wp-json\/wp\/v2\/types\/product"}],"wp:featuredmedia":[{"embeddable":true,"href":"https:\/\/lucacastelli.com\/de\/wp-json\/wp\/v2\/media\/542720"}],"wp:attachment":[{"href":"https:\/\/lucacastelli.com\/de\/wp-json\/wp\/v2\/media?parent=612281"}],"wp:term":[{"taxonomy":"product_brand","embeddable":true,"href":"https:\/\/lucacastelli.com\/de\/wp-json\/wp\/v2\/product_brand?post=612281"},{"taxonomy":"product_cat","embeddable":true,"href":"https:\/\/lucacastelli.com\/de\/wp-json\/wp\/v2\/product_cat?post=612281"},{"taxonomy":"product_tag","embeddable":true,"href":"https:\/\/lucacastelli.com\/de\/wp-json\/wp\/v2\/product_tag?post=612281"}],"curies":[{"name":"wp","href":"https:\/\/api.w.org\/{rel}","templated":true}]}}