{"id":612272,"date":"2025-08-10T15:17:45","date_gmt":"2025-08-10T13:17:45","guid":{"rendered":"https:\/\/lucacastelli.com\/prodotto\/milwaukee-anti-beschlag-anti-kratz-schutzbrille-5\/"},"modified":"2025-08-10T15:17:45","modified_gmt":"2025-08-10T13:17:45","slug":"milwaukee-anti-beschlag-anti-kratz-schutzbrille-5","status":"publish","type":"product","link":"https:\/\/lucacastelli.com\/de\/produkt\/milwaukee-anti-beschlag-anti-kratz-schutzbrille-5\/","title":{"rendered":"Milwaukee Anti-Beschlag\/Anti-Kratz-Schutzbrille"},"content":{"rendered":"<p>SAFETY EYES ANTI-APPAN\/GRAFFI dark 1pcs<br \/>\nLeichtes Gewicht f\u00fcr mehr Komfort w\u00e4hrend des Gebrauchs; Anti-Kratz-Gl\u00e4ser; Anti-Beschlag-Gl\u00e4ser; Bequeme und flexible Arme f\u00fcr mehr Komfort; Europ\u00e4ische Zertifizierung: EN166 und EN170 \/ EN172<\/p>\n<p>4932478764<br \/>\n4058546360467<\/p>\n","protected":false},"excerpt":{"rendered":"<p>SAFETY EYES ANTI-APPAN\/GRAFFS dunkel 1 Stk.<\/p>\n","protected":false},"featured_media":541877,"template":"","meta":{"_seopress_robots_primary_cat":"","_seopress_titles_title":"","_seopress_titles_desc":"","_seopress_robots_index":""},"product_brand":[3656],"product_cat":[1396,150,1411],"product_tag":[3272],"class_list":{"0":"post-612272","1":"product","2":"type-product","3":"status-publish","4":"has-post-thumbnail","6":"product_brand-milwaukee-de","7":"product_cat-arbeitsausrustung","8":"product_cat-ausrustung","9":"product_cat-visiere-und-schutzbrillen","10":"product_tag-import-milwau-de","11":"sws-conto-ricavi-merci-rivendita-macchinari-de","12":"sws-gruppo-iva-iva81-de","14":"first","15":"onbackorder","16":"shipping-taxable","17":"purchasable","18":"product-type-simple"},"_links":{"self":[{"href":"https:\/\/lucacastelli.com\/de\/wp-json\/wp\/v2\/product\/612272","targetHints":{"allow":["GET"]}}],"collection":[{"href":"https:\/\/lucacastelli.com\/de\/wp-json\/wp\/v2\/product"}],"about":[{"href":"https:\/\/lucacastelli.com\/de\/wp-json\/wp\/v2\/types\/product"}],"wp:featuredmedia":[{"embeddable":true,"href":"https:\/\/lucacastelli.com\/de\/wp-json\/wp\/v2\/media\/541877"}],"wp:attachment":[{"href":"https:\/\/lucacastelli.com\/de\/wp-json\/wp\/v2\/media?parent=612272"}],"wp:term":[{"taxonomy":"product_brand","embeddable":true,"href":"https:\/\/lucacastelli.com\/de\/wp-json\/wp\/v2\/product_brand?post=612272"},{"taxonomy":"product_cat","embeddable":true,"href":"https:\/\/lucacastelli.com\/de\/wp-json\/wp\/v2\/product_cat?post=612272"},{"taxonomy":"product_tag","embeddable":true,"href":"https:\/\/lucacastelli.com\/de\/wp-json\/wp\/v2\/product_tag?post=612272"}],"curies":[{"name":"wp","href":"https:\/\/api.w.org\/{rel}","templated":true}]}}