{"id":612267,"date":"2025-08-10T15:17:46","date_gmt":"2025-08-10T13:17:46","guid":{"rendered":"https:\/\/lucacastelli.com\/prodotto\/milwaukee-unvented-high-profile-goggles\/"},"modified":"2025-08-10T15:17:46","modified_gmt":"2025-08-10T13:17:46","slug":"milwaukee-unvented-high-profile-goggles","status":"publish","type":"product","link":"https:\/\/lucacastelli.com\/de\/produkt\/milwaukee-unvented-high-profile-goggles\/","title":{"rendered":"Milwaukee Unvented High-Profile Goggles"},"content":{"rendered":"<p>AUGEN. MASCHE. HIGH-PR NON VENT. TRANSP. 1pcs<br \/>\nWiderstandsf\u00e4hige und kratzfeste Gl\u00e4ser; Langlebige Anti-Beschlag-Gl\u00e4ser; Verbesserter Aufprallschutz; Schutz gegen Spritzer und Fl\u00fcssigkeiten; Nicht bel\u00fcftet, f\u00fcr Arbeiten mit Gasen und D\u00e4mpfen; Europ\u00e4ische Zertifizierung: EN166 und EN170 \/ EN172   <\/p>\n<p>4932493437<br \/>\n4058546483081<\/p>\n","protected":false},"excerpt":{"rendered":"<p>AUGEN. MASCHE. HIGHPR NON VENT. TRANSP. 1 St.   <\/p>\n","protected":false},"featured_media":562386,"template":"","meta":{"_seopress_robots_primary_cat":"","_seopress_titles_title":"","_seopress_titles_desc":"","_seopress_robots_index":""},"product_brand":[3407],"product_cat":[33,537,816],"product_tag":[3270],"class_list":{"0":"post-612267","1":"product","2":"type-product","3":"status-publish","4":"has-post-thumbnail","6":"product_brand-milwaukee","7":"product_cat-attrezzature","8":"product_cat-attrezzatura-da-lavoro","9":"product_cat-visiere-e-occhiali-protettivi","10":"product_tag-import-milwau","11":"sws-conto-ricavi-merci-rivendita-macchinari-de","12":"sws-gruppo-iva-iva81-de","14":"first","15":"onbackorder","16":"shipping-taxable","17":"purchasable","18":"product-type-simple"},"_links":{"self":[{"href":"https:\/\/lucacastelli.com\/de\/wp-json\/wp\/v2\/product\/612267","targetHints":{"allow":["GET"]}}],"collection":[{"href":"https:\/\/lucacastelli.com\/de\/wp-json\/wp\/v2\/product"}],"about":[{"href":"https:\/\/lucacastelli.com\/de\/wp-json\/wp\/v2\/types\/product"}],"wp:featuredmedia":[{"embeddable":true,"href":"https:\/\/lucacastelli.com\/de\/wp-json\/wp\/v2\/media\/562386"}],"wp:attachment":[{"href":"https:\/\/lucacastelli.com\/de\/wp-json\/wp\/v2\/media?parent=612267"}],"wp:term":[{"taxonomy":"product_brand","embeddable":true,"href":"https:\/\/lucacastelli.com\/de\/wp-json\/wp\/v2\/product_brand?post=612267"},{"taxonomy":"product_cat","embeddable":true,"href":"https:\/\/lucacastelli.com\/de\/wp-json\/wp\/v2\/product_cat?post=612267"},{"taxonomy":"product_tag","embeddable":true,"href":"https:\/\/lucacastelli.com\/de\/wp-json\/wp\/v2\/product_tag?post=612267"}],"curies":[{"name":"wp","href":"https:\/\/api.w.org\/{rel}","templated":true}]}}