{"id":612264,"date":"2025-08-10T15:17:41","date_gmt":"2025-08-10T13:17:41","guid":{"rendered":"https:\/\/lucacastelli.com\/prodotto\/milwaukee-anti-beschlag-anti-kratz-schutzbrille-3\/"},"modified":"2026-02-24T19:09:43","modified_gmt":"2026-02-24T18:09:43","slug":"milwaukee-anti-beschlag-anti-kratz-schutzbrille-3","status":"publish","type":"product","link":"https:\/\/lucacastelli.com\/de\/produkt\/milwaukee-anti-beschlag-anti-kratz-schutzbrille-3\/","title":{"rendered":"Milwaukee Anti-Beschlag\/Anti-Kratz-Schutzbrille"},"content":{"rendered":"<p>Anti-Beschlag \/ Anti-Kratz-Schutzbrille<br \/>\nANTI-SCREAMING EYEWEAR &#8211; Rote Gl\u00e4ser<br \/>\nLeichtes Gewicht, f\u00fcr mehr Komfort beim Tragen; Anti-Kratz-Gl\u00e4ser. Ausgenommen Brillen mit rot verspiegelten Gl\u00e4sern;Anti-Beschlag-Gl\u00e4ser;Bequeme und flexible B\u00fcgel f\u00fcr zus\u00e4tzlichen Komfort;Neutrale oder get\u00f6nte Gl\u00e4ser bieten Augenschutz, egal ob bei der Arbeit in Innenr\u00e4umen oder im Freien;Europ\u00e4ische Zertifizierung: EN166 und EN170 \/ EN172 <\/p>\n<p>4932498548<br \/>\n4058546524173<\/p>\n","protected":false},"excerpt":{"rendered":"<p>ANTI-Scratch Brille &#8211; Rote Gl\u00e4ser<\/p>\n","protected":false},"featured_media":592726,"template":"","meta":{"_seopress_robots_primary_cat":"","_seopress_titles_title":"","_seopress_titles_desc":"","_seopress_robots_index":""},"product_brand":[3407],"product_cat":[33,537,816],"product_tag":[3270],"class_list":{"0":"post-612264","1":"product","2":"type-product","3":"status-publish","4":"has-post-thumbnail","6":"product_brand-milwaukee","7":"product_cat-attrezzature","8":"product_cat-attrezzatura-da-lavoro","9":"product_cat-visiere-e-occhiali-protettivi","10":"product_tag-import-milwau","11":"sws-conto-ricavi-merci-rivendita-macchinari-de","12":"sws-gruppo-iva-iva81-de","14":"first","15":"onbackorder","16":"shipping-taxable","17":"purchasable","18":"product-type-simple"},"_links":{"self":[{"href":"https:\/\/lucacastelli.com\/de\/wp-json\/wp\/v2\/product\/612264","targetHints":{"allow":["GET"]}}],"collection":[{"href":"https:\/\/lucacastelli.com\/de\/wp-json\/wp\/v2\/product"}],"about":[{"href":"https:\/\/lucacastelli.com\/de\/wp-json\/wp\/v2\/types\/product"}],"wp:featuredmedia":[{"embeddable":true,"href":"https:\/\/lucacastelli.com\/de\/wp-json\/wp\/v2\/media\/592726"}],"wp:attachment":[{"href":"https:\/\/lucacastelli.com\/de\/wp-json\/wp\/v2\/media?parent=612264"}],"wp:term":[{"taxonomy":"product_brand","embeddable":true,"href":"https:\/\/lucacastelli.com\/de\/wp-json\/wp\/v2\/product_brand?post=612264"},{"taxonomy":"product_cat","embeddable":true,"href":"https:\/\/lucacastelli.com\/de\/wp-json\/wp\/v2\/product_cat?post=612264"},{"taxonomy":"product_tag","embeddable":true,"href":"https:\/\/lucacastelli.com\/de\/wp-json\/wp\/v2\/product_tag?post=612264"}],"curies":[{"name":"wp","href":"https:\/\/api.w.org\/{rel}","templated":true}]}}