{"id":612256,"date":"2025-08-10T15:17:39","date_gmt":"2025-08-10T13:17:39","guid":{"rendered":"https:\/\/lucacastelli.com\/prodotto\/milwaukee-bifokal-schutzbrille-4\/"},"modified":"2025-08-10T15:17:39","modified_gmt":"2025-08-10T13:17:39","slug":"milwaukee-bifokal-schutzbrille-4","status":"publish","type":"product","link":"https:\/\/lucacastelli.com\/de\/produkt\/milwaukee-bifokal-schutzbrille-4\/","title":{"rendered":"Milwaukee Bifokal-Schutzbrille"},"content":{"rendered":"<p>KLEINE SICHERHEITSSCHUTZGL\u00c4SER (+1,5) &#8211; 1PC<br \/>\nAbgestufte Gl\u00e4ser: bieten dem Benutzer eine optische Korrektur f\u00fcr eine bessere Sicht im Nahbereich;Leichtes Gewicht f\u00fcr lang anhaltenden Tragekomfort;Kratzfeste Gl\u00e4ser f\u00fcr maximale Haltbarkeit;Bequeme und flexible B\u00fcgel f\u00fcr lang anhaltenden Komfort;Europ\u00e4ische Zertifizierung: EN166 und EN170<\/p>\n<p>4932478910<br \/>\n4058546361921<\/p>\n","protected":false},"excerpt":{"rendered":"<p>KLARE SCHUTZBRILLE (+1,5) &#8211; 1ST.<\/p>\n","protected":false},"featured_media":542288,"template":"","meta":{"_seopress_robots_primary_cat":"","_seopress_titles_title":"","_seopress_titles_desc":"","_seopress_robots_index":""},"product_brand":[3407],"product_cat":[33,537,816],"product_tag":[3270],"class_list":{"0":"post-612256","1":"product","2":"type-product","3":"status-publish","4":"has-post-thumbnail","6":"product_brand-milwaukee","7":"product_cat-attrezzature","8":"product_cat-attrezzatura-da-lavoro","9":"product_cat-visiere-e-occhiali-protettivi","10":"product_tag-import-milwau","11":"sws-conto-ricavi-merci-rivendita-macchinari-de","12":"sws-gruppo-iva-iva81-de","14":"first","15":"onbackorder","16":"shipping-taxable","17":"purchasable","18":"product-type-simple"},"_links":{"self":[{"href":"https:\/\/lucacastelli.com\/de\/wp-json\/wp\/v2\/product\/612256","targetHints":{"allow":["GET"]}}],"collection":[{"href":"https:\/\/lucacastelli.com\/de\/wp-json\/wp\/v2\/product"}],"about":[{"href":"https:\/\/lucacastelli.com\/de\/wp-json\/wp\/v2\/types\/product"}],"wp:featuredmedia":[{"embeddable":true,"href":"https:\/\/lucacastelli.com\/de\/wp-json\/wp\/v2\/media\/542288"}],"wp:attachment":[{"href":"https:\/\/lucacastelli.com\/de\/wp-json\/wp\/v2\/media?parent=612256"}],"wp:term":[{"taxonomy":"product_brand","embeddable":true,"href":"https:\/\/lucacastelli.com\/de\/wp-json\/wp\/v2\/product_brand?post=612256"},{"taxonomy":"product_cat","embeddable":true,"href":"https:\/\/lucacastelli.com\/de\/wp-json\/wp\/v2\/product_cat?post=612256"},{"taxonomy":"product_tag","embeddable":true,"href":"https:\/\/lucacastelli.com\/de\/wp-json\/wp\/v2\/product_tag?post=612256"}],"curies":[{"name":"wp","href":"https:\/\/api.w.org\/{rel}","templated":true}]}}