{"id":612242,"date":"2025-08-10T15:09:54","date_gmt":"2025-08-10T13:09:54","guid":{"rendered":"https:\/\/lucacastelli.com\/prodotto\/milwaukee-cera-turbo-faecherscheibe-%e2%8c%80125-mm-korn-40\/"},"modified":"2025-08-10T15:09:54","modified_gmt":"2025-08-10T13:09:54","slug":"milwaukee-cera-turbo-faecherscheibe-%e2%8c%80125-mm-korn-40","status":"publish","type":"product","link":"https:\/\/lucacastelli.com\/de\/produkt\/milwaukee-cera-turbo-faecherscheibe-%e2%8c%80125-mm-korn-40\/","title":{"rendered":"Milwaukee CERA TURBO\u2122 F\u00e4cherscheibe \u2300125 mm, Korn 40"},"content":{"rendered":"<p>CERAMIC LAMELLAR DISC 125mm G40 -1pcs<br \/>\nCERA TURBO\u2122 Scheiben sind bis zu 50% schneller beim Abtragen von Material. Bis zu 2-mal l\u00e4ngere Lebensdauer &#8211; so kannst du die Scheibe durchgehend verwenden; Hybrid-Keramikscheibe f\u00fcr: Stahl, Edelstahl, Bronze, Titan, Aluminium;Kunststoffunterlage;Hochflexibel: passt sich perfekt an das Werkst\u00fcck an;Geringe W\u00e4rmeentwicklung: kein Metallverzug, besonders bei Edelstahl;Made in Germany;Funktioniert am besten bei Eisenwerkstoffen, Edelstahl V2A (1.4301) \/ V4A (1.440) und Nichteisenwerkstoffen (Aluminium, Titan, etc.);Made in Germany;Anwendungen: Eisenwerkstoffe, Nichteisenwerkstoffe (Aluminium, Titan, etc.), Edelstahl V2A (1.4301) \/ V4A (1.4401) <\/p>\n<p>4932472231<br \/>\n4058546326272<\/p>\n","protected":false},"excerpt":{"rendered":"<p>KERAMISCHE LAMELLAR-SCHEIBE 125mm G40 -1St.<\/p>\n","protected":false},"featured_media":539594,"template":"","meta":{"_seopress_robots_primary_cat":"","_seopress_titles_title":"","_seopress_titles_desc":"","_seopress_robots_index":""},"product_brand":[3656],"product_cat":[1454,169,1541],"product_tag":[3272],"class_list":{"0":"post-612242","1":"product","2":"type-product","3":"status-publish","4":"has-post-thumbnail","6":"product_brand-milwaukee-de","7":"product_cat-andere-gerate","8":"product_cat-maschinen","9":"product_cat-zerkleinerungsmaschinen","10":"product_tag-import-milwau-de","11":"sws-conto-ricavi-merci-rivendita-macchinari-de","12":"sws-gruppo-iva-iva81-de","14":"first","15":"onbackorder","16":"shipping-taxable","17":"purchasable","18":"product-type-simple"},"_links":{"self":[{"href":"https:\/\/lucacastelli.com\/de\/wp-json\/wp\/v2\/product\/612242","targetHints":{"allow":["GET"]}}],"collection":[{"href":"https:\/\/lucacastelli.com\/de\/wp-json\/wp\/v2\/product"}],"about":[{"href":"https:\/\/lucacastelli.com\/de\/wp-json\/wp\/v2\/types\/product"}],"wp:featuredmedia":[{"embeddable":true,"href":"https:\/\/lucacastelli.com\/de\/wp-json\/wp\/v2\/media\/539594"}],"wp:attachment":[{"href":"https:\/\/lucacastelli.com\/de\/wp-json\/wp\/v2\/media?parent=612242"}],"wp:term":[{"taxonomy":"product_brand","embeddable":true,"href":"https:\/\/lucacastelli.com\/de\/wp-json\/wp\/v2\/product_brand?post=612242"},{"taxonomy":"product_cat","embeddable":true,"href":"https:\/\/lucacastelli.com\/de\/wp-json\/wp\/v2\/product_cat?post=612242"},{"taxonomy":"product_tag","embeddable":true,"href":"https:\/\/lucacastelli.com\/de\/wp-json\/wp\/v2\/product_tag?post=612242"}],"curies":[{"name":"wp","href":"https:\/\/api.w.org\/{rel}","templated":true}]}}