{"id":612196,"date":"2025-08-10T15:12:21","date_gmt":"2025-08-10T13:12:21","guid":{"rendered":"https:\/\/lucacastelli.com\/prodotto\/milwaukee-hudd-diamantscheibe-350-x-254-mm-schnittstaerke-26-mm-segmenthoehe-10-mm\/"},"modified":"2025-08-10T15:12:21","modified_gmt":"2025-08-10T13:12:21","slug":"milwaukee-hudd-diamantscheibe-350-x-254-mm-schnittstaerke-26-mm-segmenthoehe-10-mm","status":"publish","type":"product","link":"https:\/\/lucacastelli.com\/de\/produkt\/milwaukee-hudd-diamantscheibe-350-x-254-mm-schnittstaerke-26-mm-segmenthoehe-10-mm\/","title":{"rendered":"Milwaukee HUDD Diamantscheibe 350 x 25,4 mm, Schnittst\u00e4rke 2,6 mm, Segmenth\u00f6he 10 mm"},"content":{"rendered":"<p>DISC DIAM SPEEDCROSS HUDD 350MM -1pcs<br \/>\nHUDD-Scheiben sind besonders f\u00fcr harte und mittelharte Baumaterialien geeignet, je st\u00e4rker das Material, desto h\u00f6her die Leistung; Universalblatt f\u00fcr eine Vielzahl von Materialien; 10 mm H\u00f6he, um eine l\u00e4ngere Lebensdauer zu gew\u00e4hrleisten. Die hohe Diamantkonzentration in Kombination mit der speziellen Blattgeometrie sorgt f\u00fcr eine \u00fcberragende Schnittleistung. Laserschwei\u00dfen garantiert professionelle Qualit\u00e4t; Lasergeschwei\u00dfte Segmente; Geringe Vibration. Die Vorspannung der Scheibe eliminiert Schwingungen und reduziert Vibrationen erheblich;Anwendungsbereich. Speedcross-Diamanttrennscheiben sind f\u00fcr alle Bauprofis gedacht, die auch bei den anspruchsvollsten Arbeiten beste Leistung verlangen.    <\/p>\n<p>4932471985<br \/>\n4058546298845<\/p>\n","protected":false},"excerpt":{"rendered":"<p>DISC DIAM SPEEDCROSS HUDD 350MM -1pcs<\/p>\n","protected":false},"featured_media":495674,"template":"","meta":{"_seopress_robots_primary_cat":"","_seopress_titles_title":"","_seopress_titles_desc":"","_seopress_robots_index":""},"product_brand":[3407],"product_cat":[29,495,496],"product_tag":[3270],"class_list":{"0":"post-612196","1":"product","2":"type-product","3":"status-publish","4":"has-post-thumbnail","6":"product_brand-milwaukee","7":"product_cat-macchinari","8":"product_cat-troncatrici-e-mototroncatrici","9":"product_cat-troncatrici","10":"product_tag-import-milwau","11":"sws-conto-ricavi-merci-rivendita-macchinari-de","12":"sws-gruppo-iva-iva81-de","14":"first","15":"onbackorder","16":"sale","17":"shipping-taxable","18":"purchasable","19":"product-type-simple"},"_links":{"self":[{"href":"https:\/\/lucacastelli.com\/de\/wp-json\/wp\/v2\/product\/612196","targetHints":{"allow":["GET"]}}],"collection":[{"href":"https:\/\/lucacastelli.com\/de\/wp-json\/wp\/v2\/product"}],"about":[{"href":"https:\/\/lucacastelli.com\/de\/wp-json\/wp\/v2\/types\/product"}],"wp:featuredmedia":[{"embeddable":true,"href":"https:\/\/lucacastelli.com\/de\/wp-json\/wp\/v2\/media\/495674"}],"wp:attachment":[{"href":"https:\/\/lucacastelli.com\/de\/wp-json\/wp\/v2\/media?parent=612196"}],"wp:term":[{"taxonomy":"product_brand","embeddable":true,"href":"https:\/\/lucacastelli.com\/de\/wp-json\/wp\/v2\/product_brand?post=612196"},{"taxonomy":"product_cat","embeddable":true,"href":"https:\/\/lucacastelli.com\/de\/wp-json\/wp\/v2\/product_cat?post=612196"},{"taxonomy":"product_tag","embeddable":true,"href":"https:\/\/lucacastelli.com\/de\/wp-json\/wp\/v2\/product_tag?post=612196"}],"curies":[{"name":"wp","href":"https:\/\/api.w.org\/{rel}","templated":true}]}}