{"id":612177,"date":"2025-08-10T15:12:11","date_gmt":"2025-08-10T13:12:11","guid":{"rendered":"https:\/\/lucacastelli.com\/prodotto\/milwaukee-trennscheibe-scs-41-150-x-15-pro\/"},"modified":"2025-08-10T15:12:11","modified_gmt":"2025-08-10T13:12:11","slug":"milwaukee-trennscheibe-scs-41-150-x-15-pro","status":"publish","type":"product","link":"https:\/\/lucacastelli.com\/de\/produkt\/milwaukee-trennscheibe-scs-41-150-x-15-pro\/","title":{"rendered":"Milwaukee Trennscheibe SCS 41\/ 150 x 1,5 PRO+"},"content":{"rendered":"<p>SCHNEIDER\u00c4DCHEN SCS41D 150&#215;1,5mm PRO+ -1St.<br \/>\nAnwendungen: Geeignet f\u00fcr alle St\u00e4hle. Empfohlen zum Schneiden von rostfreiem Stahl, Hardox, Gusseisen, hitzebest\u00e4ndigem Stahl und Baustahl; Merkmale: + 50% l\u00e4ngere Standzeit, 50% weniger Schneidzeit, 50% weniger Staub <\/p>\n<p>4932471386<br \/>\n4058546290146<\/p>\n","protected":false},"excerpt":{"rendered":"<p>CUTTING WHEEL SCS41D 150&#215;1,5mm PRO+ -1pcs<\/p>\n","protected":false},"featured_media":536529,"template":"","meta":{"_seopress_robots_primary_cat":"","_seopress_titles_title":"","_seopress_titles_desc":"","_seopress_robots_index":""},"product_brand":[3407],"product_cat":[29,495,496],"product_tag":[3270],"class_list":{"0":"post-612177","1":"product","2":"type-product","3":"status-publish","4":"has-post-thumbnail","6":"product_brand-milwaukee","7":"product_cat-macchinari","8":"product_cat-troncatrici-e-mototroncatrici","9":"product_cat-troncatrici","10":"product_tag-import-milwau","11":"sws-conto-ricavi-merci-rivendita-macchinari-de","12":"sws-gruppo-iva-iva81-de","14":"first","15":"onbackorder","16":"sale","17":"shipping-taxable","18":"purchasable","19":"product-type-simple"},"_links":{"self":[{"href":"https:\/\/lucacastelli.com\/de\/wp-json\/wp\/v2\/product\/612177","targetHints":{"allow":["GET"]}}],"collection":[{"href":"https:\/\/lucacastelli.com\/de\/wp-json\/wp\/v2\/product"}],"about":[{"href":"https:\/\/lucacastelli.com\/de\/wp-json\/wp\/v2\/types\/product"}],"wp:featuredmedia":[{"embeddable":true,"href":"https:\/\/lucacastelli.com\/de\/wp-json\/wp\/v2\/media\/536529"}],"wp:attachment":[{"href":"https:\/\/lucacastelli.com\/de\/wp-json\/wp\/v2\/media?parent=612177"}],"wp:term":[{"taxonomy":"product_brand","embeddable":true,"href":"https:\/\/lucacastelli.com\/de\/wp-json\/wp\/v2\/product_brand?post=612177"},{"taxonomy":"product_cat","embeddable":true,"href":"https:\/\/lucacastelli.com\/de\/wp-json\/wp\/v2\/product_cat?post=612177"},{"taxonomy":"product_tag","embeddable":true,"href":"https:\/\/lucacastelli.com\/de\/wp-json\/wp\/v2\/product_tag?post=612177"}],"curies":[{"name":"wp","href":"https:\/\/api.w.org\/{rel}","templated":true}]}}