{"id":612156,"date":"2025-08-10T15:12:02","date_gmt":"2025-08-10T13:12:02","guid":{"rendered":"https:\/\/lucacastelli.com\/prodotto\/milwaukee-steelhead-diamantscheibe-stahl-und-edelstahl-2\/"},"modified":"2025-08-10T15:12:02","modified_gmt":"2025-08-10T13:12:02","slug":"milwaukee-steelhead-diamantscheibe-stahl-und-edelstahl-2","status":"publish","type":"product","link":"https:\/\/lucacastelli.com\/de\/produkt\/milwaukee-steelhead-diamantscheibe-stahl-und-edelstahl-2\/","title":{"rendered":"Milwaukee STEELHEAD\u2122 Diamantscheibe &#8211; STAHL und EDELSTAHL"},"content":{"rendered":"<p>SCHEIBEN DIAM. DH 115MM-PER FERRO-STEELHEAD<br \/>\nSTEELHEAD\u2122 ist f\u00fcr Stahl und Edelstahl geeignet. Auch f\u00fcr Stahlbeton geeignet;Die hohe Dichte und Qualit\u00e4t der gel\u00f6teten, hartgeschwei\u00dften Diamantmischung garantiert hohe Festigkeit und Leistung;Aufgrund seiner Vielseitigkeit und hervorragenden Leistung ist das Diamantblatt auch perfekt f\u00fcr Feuerwehr und Rettungseins\u00e4tze  <\/p>\n<p>4932492014<br \/>\n4058546413811<\/p>\n","protected":false},"excerpt":{"rendered":"<p>DISKEN DIAM. DH 115MM F\u00dcR EISEN-STAHLKOPF <\/p>\n","protected":false},"featured_media":554726,"template":"","meta":{"_seopress_robots_primary_cat":"","_seopress_titles_title":"","_seopress_titles_desc":"","_seopress_robots_index":""},"product_brand":[3656],"product_cat":[1699,1696,169],"product_tag":[3272],"class_list":{"0":"post-612156","1":"product","2":"type-product","3":"status-publish","4":"has-post-thumbnail","6":"product_brand-milwaukee-de","7":"product_cat-mahmaschinen-de","8":"product_cat-mahmaschinen-und-trimmer","9":"product_cat-maschinen","10":"product_tag-import-milwau-de","11":"sws-conto-ricavi-merci-rivendita-macchinari-de","12":"sws-gruppo-iva-iva81-de","14":"first","15":"onbackorder","16":"sale","17":"shipping-taxable","18":"purchasable","19":"product-type-simple"},"_links":{"self":[{"href":"https:\/\/lucacastelli.com\/de\/wp-json\/wp\/v2\/product\/612156","targetHints":{"allow":["GET"]}}],"collection":[{"href":"https:\/\/lucacastelli.com\/de\/wp-json\/wp\/v2\/product"}],"about":[{"href":"https:\/\/lucacastelli.com\/de\/wp-json\/wp\/v2\/types\/product"}],"wp:featuredmedia":[{"embeddable":true,"href":"https:\/\/lucacastelli.com\/de\/wp-json\/wp\/v2\/media\/554726"}],"wp:attachment":[{"href":"https:\/\/lucacastelli.com\/de\/wp-json\/wp\/v2\/media?parent=612156"}],"wp:term":[{"taxonomy":"product_brand","embeddable":true,"href":"https:\/\/lucacastelli.com\/de\/wp-json\/wp\/v2\/product_brand?post=612156"},{"taxonomy":"product_cat","embeddable":true,"href":"https:\/\/lucacastelli.com\/de\/wp-json\/wp\/v2\/product_cat?post=612156"},{"taxonomy":"product_tag","embeddable":true,"href":"https:\/\/lucacastelli.com\/de\/wp-json\/wp\/v2\/product_tag?post=612156"}],"curies":[{"name":"wp","href":"https:\/\/api.w.org\/{rel}","templated":true}]}}