{"id":612153,"date":"2025-08-10T15:12:00","date_gmt":"2025-08-10T13:12:00","guid":{"rendered":"https:\/\/lucacastelli.com\/prodotto\/milwaukee-diamantscheibe-sudd-silenced-hard-materials\/"},"modified":"2025-08-10T15:12:00","modified_gmt":"2025-08-10T13:12:00","slug":"milwaukee-diamantscheibe-sudd-silenced-hard-materials","status":"publish","type":"product","link":"https:\/\/lucacastelli.com\/de\/produkt\/milwaukee-diamantscheibe-sudd-silenced-hard-materials\/","title":{"rendered":"Milwaukee Diamantscheibe SUDD &#8211; SILENCED &#8211; HARD MATERIALS"},"content":{"rendered":"<p>Dia.Disc SUDD 350mm-1pc<br \/>\nLasergeschwei\u00dfte Scheibe mit hervorragender Leistung bei allen Arten von Baumaterialien;Ger\u00e4uscharme Technologie beim Schneiden;10 mm hohe Segmente;Optimierte Scheibe f\u00fcr Milwaukee\u00ae Kreiss\u00e4ge<\/p>\n<p>4932479462<br \/>\n4058546372569<\/p>\n","protected":false},"excerpt":{"rendered":"<p>Durchmesser Scheibe SUDD 350mm-1St.<\/p>\n","protected":false},"featured_media":543867,"template":"","meta":{"_seopress_robots_primary_cat":"","_seopress_titles_title":"","_seopress_titles_desc":"","_seopress_robots_index":""},"product_brand":[3656],"product_cat":[1699,1696,169],"product_tag":[3272],"class_list":{"0":"post-612153","1":"product","2":"type-product","3":"status-publish","4":"has-post-thumbnail","6":"product_brand-milwaukee-de","7":"product_cat-mahmaschinen-de","8":"product_cat-mahmaschinen-und-trimmer","9":"product_cat-maschinen","10":"product_tag-import-milwau-de","11":"sws-conto-ricavi-merci-rivendita-macchinari-de","12":"sws-gruppo-iva-iva81-de","14":"first","15":"onbackorder","16":"sale","17":"shipping-taxable","18":"purchasable","19":"product-type-simple"},"_links":{"self":[{"href":"https:\/\/lucacastelli.com\/de\/wp-json\/wp\/v2\/product\/612153","targetHints":{"allow":["GET"]}}],"collection":[{"href":"https:\/\/lucacastelli.com\/de\/wp-json\/wp\/v2\/product"}],"about":[{"href":"https:\/\/lucacastelli.com\/de\/wp-json\/wp\/v2\/types\/product"}],"wp:featuredmedia":[{"embeddable":true,"href":"https:\/\/lucacastelli.com\/de\/wp-json\/wp\/v2\/media\/543867"}],"wp:attachment":[{"href":"https:\/\/lucacastelli.com\/de\/wp-json\/wp\/v2\/media?parent=612153"}],"wp:term":[{"taxonomy":"product_brand","embeddable":true,"href":"https:\/\/lucacastelli.com\/de\/wp-json\/wp\/v2\/product_brand?post=612153"},{"taxonomy":"product_cat","embeddable":true,"href":"https:\/\/lucacastelli.com\/de\/wp-json\/wp\/v2\/product_cat?post=612153"},{"taxonomy":"product_tag","embeddable":true,"href":"https:\/\/lucacastelli.com\/de\/wp-json\/wp\/v2\/product_tag?post=612153"}],"curies":[{"name":"wp","href":"https:\/\/api.w.org\/{rel}","templated":true}]}}