{"id":612150,"date":"2025-08-10T15:12:01","date_gmt":"2025-08-10T13:12:01","guid":{"rendered":"https:\/\/lucacastelli.com\/prodotto\/milwaukee-steelhead-diamantscheibe-stahl-und-edelstahl\/"},"modified":"2025-08-10T15:12:01","modified_gmt":"2025-08-10T13:12:01","slug":"milwaukee-steelhead-diamantscheibe-stahl-und-edelstahl","status":"publish","type":"product","link":"https:\/\/lucacastelli.com\/de\/produkt\/milwaukee-steelhead-diamantscheibe-stahl-und-edelstahl\/","title":{"rendered":"Milwaukee STEELHEAD\u2122 Diamantscheibe &#8211; STAHL und EDELSTAHL"},"content":{"rendered":"<p>DISCS DIAM DH 350MM IRON STEELHEAD 1pcs<br \/>\nSTEELHEAD\u2122 ist f\u00fcr Stahl und Edelstahl geeignet. Auch f\u00fcr Stahlbeton geeignet;Die hohe Dichte und Qualit\u00e4t der gel\u00f6teten, hartgeschwei\u00dften Diamantmischung garantiert hohe Festigkeit und Leistung;Dank ihrer Vielseitigkeit und hervorragenden Leistung ist die Diamantscheibe auch perfekt f\u00fcr Feuerwehr und Rettungseins\u00e4tze <\/p>\n<p>4932471988<br \/>\n4058546298876<\/p>\n","protected":false},"excerpt":{"rendered":"<p>DISC DIAM DH 350MM IRON STEELHEAD 1 Stk.<\/p>\n","protected":false},"featured_media":538689,"template":"","meta":{"_seopress_robots_primary_cat":"","_seopress_titles_title":"","_seopress_titles_desc":"","_seopress_robots_index":""},"product_brand":[3656],"product_cat":[1699,1696,169],"product_tag":[3272],"class_list":{"0":"post-612150","1":"product","2":"type-product","3":"status-publish","4":"has-post-thumbnail","6":"product_brand-milwaukee-de","7":"product_cat-mahmaschinen-de","8":"product_cat-mahmaschinen-und-trimmer","9":"product_cat-maschinen","10":"product_tag-import-milwau-de","11":"sws-conto-ricavi-merci-rivendita-macchinari-de","12":"sws-gruppo-iva-iva81-de","14":"first","15":"onbackorder","16":"sale","17":"shipping-taxable","18":"purchasable","19":"product-type-simple"},"_links":{"self":[{"href":"https:\/\/lucacastelli.com\/de\/wp-json\/wp\/v2\/product\/612150","targetHints":{"allow":["GET"]}}],"collection":[{"href":"https:\/\/lucacastelli.com\/de\/wp-json\/wp\/v2\/product"}],"about":[{"href":"https:\/\/lucacastelli.com\/de\/wp-json\/wp\/v2\/types\/product"}],"wp:featuredmedia":[{"embeddable":true,"href":"https:\/\/lucacastelli.com\/de\/wp-json\/wp\/v2\/media\/538689"}],"wp:attachment":[{"href":"https:\/\/lucacastelli.com\/de\/wp-json\/wp\/v2\/media?parent=612150"}],"wp:term":[{"taxonomy":"product_brand","embeddable":true,"href":"https:\/\/lucacastelli.com\/de\/wp-json\/wp\/v2\/product_brand?post=612150"},{"taxonomy":"product_cat","embeddable":true,"href":"https:\/\/lucacastelli.com\/de\/wp-json\/wp\/v2\/product_cat?post=612150"},{"taxonomy":"product_tag","embeddable":true,"href":"https:\/\/lucacastelli.com\/de\/wp-json\/wp\/v2\/product_tag?post=612150"}],"curies":[{"name":"wp","href":"https:\/\/api.w.org\/{rel}","templated":true}]}}