{"id":612148,"date":"2025-08-10T15:11:58","date_gmt":"2025-08-10T13:11:58","guid":{"rendered":"https:\/\/lucacastelli.com\/prodotto\/milwaukee-diamantscheibe-xhudd-harte-materialien-hohe-leistung-3\/"},"modified":"2025-08-10T15:11:58","modified_gmt":"2025-08-10T13:11:58","slug":"milwaukee-diamantscheibe-xhudd-harte-materialien-hohe-leistung-3","status":"publish","type":"product","link":"https:\/\/lucacastelli.com\/de\/produkt\/milwaukee-diamantscheibe-xhudd-harte-materialien-hohe-leistung-3\/","title":{"rendered":"Milwaukee Diamantscheibe XHUDD &#8211; HARTE MATERIALIEN &#8211; HOHE LEISTUNG"},"content":{"rendered":"<p>DIAM SPEEDCROSS XHUDD 230MM<br \/>\nGeeignet f\u00fcr alle Arten von harten Baustoffen;Pr\u00e4zise angeordnete Diamanten f\u00fcr maximale Schneidleistung;Lasergeschwei\u00dfte Segmente f\u00fcr extrem aggressives Schneiden und maximale Haltbarkeit<\/p>\n<p>4932492150<br \/>\n4058546415174<\/p>\n","protected":false},"excerpt":{"rendered":"<p>SPEEDCROSS XHUDD SCHEIBE 230MM<\/p>\n","protected":false},"featured_media":555150,"template":"","meta":{"_seopress_robots_primary_cat":"","_seopress_titles_title":"","_seopress_titles_desc":"","_seopress_robots_index":""},"product_brand":[3656],"product_cat":[1699,1696,169],"product_tag":[3272],"class_list":{"0":"post-612148","1":"product","2":"type-product","3":"status-publish","4":"has-post-thumbnail","6":"product_brand-milwaukee-de","7":"product_cat-mahmaschinen-de","8":"product_cat-mahmaschinen-und-trimmer","9":"product_cat-maschinen","10":"product_tag-import-milwau-de","11":"sws-conto-ricavi-merci-rivendita-macchinari-de","12":"sws-gruppo-iva-iva81-de","14":"first","15":"onbackorder","16":"sale","17":"shipping-taxable","18":"purchasable","19":"product-type-simple"},"_links":{"self":[{"href":"https:\/\/lucacastelli.com\/de\/wp-json\/wp\/v2\/product\/612148","targetHints":{"allow":["GET"]}}],"collection":[{"href":"https:\/\/lucacastelli.com\/de\/wp-json\/wp\/v2\/product"}],"about":[{"href":"https:\/\/lucacastelli.com\/de\/wp-json\/wp\/v2\/types\/product"}],"wp:featuredmedia":[{"embeddable":true,"href":"https:\/\/lucacastelli.com\/de\/wp-json\/wp\/v2\/media\/555150"}],"wp:attachment":[{"href":"https:\/\/lucacastelli.com\/de\/wp-json\/wp\/v2\/media?parent=612148"}],"wp:term":[{"taxonomy":"product_brand","embeddable":true,"href":"https:\/\/lucacastelli.com\/de\/wp-json\/wp\/v2\/product_brand?post=612148"},{"taxonomy":"product_cat","embeddable":true,"href":"https:\/\/lucacastelli.com\/de\/wp-json\/wp\/v2\/product_cat?post=612148"},{"taxonomy":"product_tag","embeddable":true,"href":"https:\/\/lucacastelli.com\/de\/wp-json\/wp\/v2\/product_tag?post=612148"}],"curies":[{"name":"wp","href":"https:\/\/api.w.org\/{rel}","templated":true}]}}