{"id":612137,"date":"2025-08-10T15:12:20","date_gmt":"2025-08-10T13:12:20","guid":{"rendered":"https:\/\/lucacastelli.com\/prodotto\/milwaukee-hudd-diamantscheibe-hard-materials\/"},"modified":"2025-08-10T15:12:20","modified_gmt":"2025-08-10T13:12:20","slug":"milwaukee-hudd-diamantscheibe-hard-materials","status":"publish","type":"product","link":"https:\/\/lucacastelli.com\/de\/produkt\/milwaukee-hudd-diamantscheibe-hard-materials\/","title":{"rendered":"Milwaukee HUDD Diamantscheibe &#8211; HARD MATERIALS"},"content":{"rendered":"<p>SCHEIBENDURCHMESSER SPEEDCROSS HUDD 300MM<br \/>\nHUDD-Scheiben eignen sich besonders f\u00fcr harte und mittelharte Baustoffe; je widerstandsf\u00e4higer das Material, desto h\u00f6her die Leistung.;Universalblatt f\u00fcr eine Vielzahl von Materialien.;Ausgezeichnet in zwei Kategorien f\u00fcr maximale Haltbarkeit.;10 mm H\u00f6he f\u00fcr zus\u00e4tzliche Haltbarkeit. Die hohe Diamantkonzentration in Kombination mit der speziellen Blattgeometrie sorgt f\u00fcr eine \u00fcberragende Schnittleistung. Lasergeschwei\u00dfte Segmente garantieren professionelle Qualit\u00e4t.;Lasergeschwei\u00dfte Segmente.;Geringe Vibration. Die Vorspannung der Scheibe eliminiert Schwingungen und reduziert Vibrationen erheblich.;Anwendungsbereich. Speedcross-Diamanttrennscheiben wurden f\u00fcr alle Bauprofis entwickelt, die auch bei den anspruchsvollsten Arbeiten beste Leistung verlangen.;HUDD-Trennscheiben eignen sich besonders f\u00fcr harte und mittelharte Baumaterialien; je widerstandsf\u00e4higer das Material, desto h\u00f6her die Leistung.;AUDD-Trennscheiben sind bei mittleren, weichen und abrasiven Materialien vorzuziehen.<\/p>\n<p>4932493298<br \/>\n4058546481698<\/p>\n","protected":false},"excerpt":{"rendered":"<p>SCHEIBENDURCHMESSER SPEEDCROSS HUDD 300MM<\/p>\n","protected":false},"featured_media":495674,"template":"","meta":{"_seopress_robots_primary_cat":"","_seopress_titles_title":"","_seopress_titles_desc":"","_seopress_robots_index":""},"product_brand":[3407],"product_cat":[29,495,496],"product_tag":[3270],"class_list":{"0":"post-612137","1":"product","2":"type-product","3":"status-publish","4":"has-post-thumbnail","6":"product_brand-milwaukee","7":"product_cat-macchinari","8":"product_cat-troncatrici-e-mototroncatrici","9":"product_cat-troncatrici","10":"product_tag-import-milwau","11":"sws-conto-ricavi-merci-rivendita-macchinari-de","12":"sws-gruppo-iva-iva81-de","14":"first","15":"onbackorder","16":"sale","17":"shipping-taxable","18":"purchasable","19":"product-type-simple"},"_links":{"self":[{"href":"https:\/\/lucacastelli.com\/de\/wp-json\/wp\/v2\/product\/612137","targetHints":{"allow":["GET"]}}],"collection":[{"href":"https:\/\/lucacastelli.com\/de\/wp-json\/wp\/v2\/product"}],"about":[{"href":"https:\/\/lucacastelli.com\/de\/wp-json\/wp\/v2\/types\/product"}],"wp:featuredmedia":[{"embeddable":true,"href":"https:\/\/lucacastelli.com\/de\/wp-json\/wp\/v2\/media\/495674"}],"wp:attachment":[{"href":"https:\/\/lucacastelli.com\/de\/wp-json\/wp\/v2\/media?parent=612137"}],"wp:term":[{"taxonomy":"product_brand","embeddable":true,"href":"https:\/\/lucacastelli.com\/de\/wp-json\/wp\/v2\/product_brand?post=612137"},{"taxonomy":"product_cat","embeddable":true,"href":"https:\/\/lucacastelli.com\/de\/wp-json\/wp\/v2\/product_cat?post=612137"},{"taxonomy":"product_tag","embeddable":true,"href":"https:\/\/lucacastelli.com\/de\/wp-json\/wp\/v2\/product_tag?post=612137"}],"curies":[{"name":"wp","href":"https:\/\/api.w.org\/{rel}","templated":true}]}}