{"id":612134,"date":"2025-08-10T15:12:16","date_gmt":"2025-08-10T13:12:16","guid":{"rendered":"https:\/\/lucacastelli.com\/prodotto\/milwaukee-diamantscheibe-dhts-porcelain-stoneware-and-marble\/"},"modified":"2025-08-10T15:12:16","modified_gmt":"2025-08-10T13:12:16","slug":"milwaukee-diamantscheibe-dhts-porcelain-stoneware-and-marble","status":"publish","type":"product","link":"https:\/\/lucacastelli.com\/de\/produkt\/milwaukee-diamantscheibe-dhts-porcelain-stoneware-and-marble\/","title":{"rendered":"Milwaukee Diamantscheibe DHTS &#8211; PORCELAIN STONEWARE and MARBLE"},"content":{"rendered":"<p>DISCS DIAM. DHTS 76MM f\u00fcr M12FCOT -1pcs<br \/>\nHochwertige Diamantscheibe mit ZollTurbo DesignZoll;Anwendungen: ideal f\u00fcr Feinsteinzeug und Granit. Sauberer Schnitt;Die hohe Qualit\u00e4t dieser Klinge erm\u00f6glicht das Schneiden der meisten Baumaterialien  <\/p>\n<p>4932464715<br \/>\n4058546226602<\/p>\n","protected":false},"excerpt":{"rendered":"<p>DISCS DIAM. DHTS 76MM f\u00fcr M12FCOT -1Stk. <\/p>\n","protected":false},"featured_media":529795,"template":"","meta":{"_seopress_robots_primary_cat":"","_seopress_titles_title":"","_seopress_titles_desc":"","_seopress_robots_index":""},"product_brand":[3407],"product_cat":[29,495,496],"product_tag":[3270],"class_list":{"0":"post-612134","1":"product","2":"type-product","3":"status-publish","4":"has-post-thumbnail","6":"product_brand-milwaukee","7":"product_cat-macchinari","8":"product_cat-troncatrici-e-mototroncatrici","9":"product_cat-troncatrici","10":"product_tag-import-milwau","11":"sws-conto-ricavi-merci-rivendita-macchinari-de","12":"sws-gruppo-iva-iva81-de","14":"first","15":"onbackorder","16":"sale","17":"shipping-taxable","18":"purchasable","19":"product-type-simple"},"_links":{"self":[{"href":"https:\/\/lucacastelli.com\/de\/wp-json\/wp\/v2\/product\/612134","targetHints":{"allow":["GET"]}}],"collection":[{"href":"https:\/\/lucacastelli.com\/de\/wp-json\/wp\/v2\/product"}],"about":[{"href":"https:\/\/lucacastelli.com\/de\/wp-json\/wp\/v2\/types\/product"}],"wp:featuredmedia":[{"embeddable":true,"href":"https:\/\/lucacastelli.com\/de\/wp-json\/wp\/v2\/media\/529795"}],"wp:attachment":[{"href":"https:\/\/lucacastelli.com\/de\/wp-json\/wp\/v2\/media?parent=612134"}],"wp:term":[{"taxonomy":"product_brand","embeddable":true,"href":"https:\/\/lucacastelli.com\/de\/wp-json\/wp\/v2\/product_brand?post=612134"},{"taxonomy":"product_cat","embeddable":true,"href":"https:\/\/lucacastelli.com\/de\/wp-json\/wp\/v2\/product_cat?post=612134"},{"taxonomy":"product_tag","embeddable":true,"href":"https:\/\/lucacastelli.com\/de\/wp-json\/wp\/v2\/product_tag?post=612134"}],"curies":[{"name":"wp","href":"https:\/\/api.w.org\/{rel}","templated":true}]}}