{"id":612122,"date":"2025-08-10T15:12:13","date_gmt":"2025-08-10T13:12:13","guid":{"rendered":"https:\/\/lucacastelli.com\/prodotto\/milwaukee-diamantscheibe-dhti-granit-kunststein-und-gres\/"},"modified":"2025-08-10T15:12:13","modified_gmt":"2025-08-10T13:12:13","slug":"milwaukee-diamantscheibe-dhti-granit-kunststein-und-gres","status":"publish","type":"product","link":"https:\/\/lucacastelli.com\/de\/produkt\/milwaukee-diamantscheibe-dhti-granit-kunststein-und-gres\/","title":{"rendered":"Milwaukee Diamantscheibe DHTi &#8211; GRANIT, KUNSTSTEIN und GRES"},"content":{"rendered":"<p>DISC DIAM SPEEDCROSS DHTI 125MM<br \/>\nDurchgehende Klinge mit Turbo-Design f\u00fcr extrem saubere und pr\u00e4zise Schnitte;Anwendungen: Granit, Kunststein und speziell f\u00fcr harte Fliesen (Gres\/Porzellan) bis zu 20 mm Dicke<\/p>\n<p>4932492155<br \/>\n4058546415228<\/p>\n","protected":false},"excerpt":{"rendered":"<p>SCHEIBEN-DURCHMESSER SPEEDCROSS DHTI 125MM<\/p>\n","protected":false},"featured_media":555171,"template":"","meta":{"_seopress_robots_primary_cat":"","_seopress_titles_title":"","_seopress_titles_desc":"","_seopress_robots_index":""},"product_brand":[3656],"product_cat":[1699,1696,169],"product_tag":[3272],"class_list":{"0":"post-612122","1":"product","2":"type-product","3":"status-publish","4":"has-post-thumbnail","6":"product_brand-milwaukee-de","7":"product_cat-mahmaschinen-de","8":"product_cat-mahmaschinen-und-trimmer","9":"product_cat-maschinen","10":"product_tag-import-milwau-de","11":"sws-conto-ricavi-merci-rivendita-macchinari-de","12":"sws-gruppo-iva-iva81-de","14":"first","15":"onbackorder","16":"sale","17":"shipping-taxable","18":"purchasable","19":"product-type-simple"},"_links":{"self":[{"href":"https:\/\/lucacastelli.com\/de\/wp-json\/wp\/v2\/product\/612122","targetHints":{"allow":["GET"]}}],"collection":[{"href":"https:\/\/lucacastelli.com\/de\/wp-json\/wp\/v2\/product"}],"about":[{"href":"https:\/\/lucacastelli.com\/de\/wp-json\/wp\/v2\/types\/product"}],"wp:featuredmedia":[{"embeddable":true,"href":"https:\/\/lucacastelli.com\/de\/wp-json\/wp\/v2\/media\/555171"}],"wp:attachment":[{"href":"https:\/\/lucacastelli.com\/de\/wp-json\/wp\/v2\/media?parent=612122"}],"wp:term":[{"taxonomy":"product_brand","embeddable":true,"href":"https:\/\/lucacastelli.com\/de\/wp-json\/wp\/v2\/product_brand?post=612122"},{"taxonomy":"product_cat","embeddable":true,"href":"https:\/\/lucacastelli.com\/de\/wp-json\/wp\/v2\/product_cat?post=612122"},{"taxonomy":"product_tag","embeddable":true,"href":"https:\/\/lucacastelli.com\/de\/wp-json\/wp\/v2\/product_tag?post=612122"}],"curies":[{"name":"wp","href":"https:\/\/api.w.org\/{rel}","templated":true}]}}