{"id":612121,"date":"2025-08-10T15:12:12","date_gmt":"2025-08-10T13:12:12","guid":{"rendered":"https:\/\/lucacastelli.com\/prodotto\/milwaukee-diamanttrennscheibe-add-asphalt-spezifisch\/"},"modified":"2025-08-10T15:12:12","modified_gmt":"2025-08-10T13:12:12","slug":"milwaukee-diamanttrennscheibe-add-asphalt-spezifisch","status":"publish","type":"product","link":"https:\/\/lucacastelli.com\/de\/produkt\/milwaukee-diamanttrennscheibe-add-asphalt-spezifisch\/","title":{"rendered":"Milwaukee Diamanttrennscheibe ADD &#8211; ASPHALT SPEZIFISCH"},"content":{"rendered":"<p>DISC DIAM ADD 350MM<br \/>\nDie ADD-Scheibe ist die beste L\u00f6sung f\u00fcr das Schneiden von Asphalt;Doppelt gespannter Kern f\u00fcr l\u00e4ngere Lebensdauer und bessere Stabilit\u00e4t beim Schneiden;Abgewinkelte und besonders verschlei\u00dffeste Segmente, um Bruch zu verhindern<\/p>\n<p>4932478952 4058546362348<\/p>\n","protected":false},"excerpt":{"rendered":"<p>SCHEIBEN-DURCHMESSER 350MM HINZUF\u00dcGEN<\/p>\n","protected":false},"featured_media":542511,"template":"","meta":{"_seopress_robots_primary_cat":"","_seopress_titles_title":"","_seopress_titles_desc":"","_seopress_robots_index":""},"product_brand":[3407],"product_cat":[29,495,496],"product_tag":[3270],"class_list":{"0":"post-612121","1":"product","2":"type-product","3":"status-publish","4":"has-post-thumbnail","6":"product_brand-milwaukee","7":"product_cat-macchinari","8":"product_cat-troncatrici-e-mototroncatrici","9":"product_cat-troncatrici","10":"product_tag-import-milwau","11":"sws-conto-ricavi-merci-rivendita-macchinari-de","12":"sws-gruppo-iva-iva81-de","14":"first","15":"onbackorder","16":"sale","17":"shipping-taxable","18":"purchasable","19":"product-type-simple"},"_links":{"self":[{"href":"https:\/\/lucacastelli.com\/de\/wp-json\/wp\/v2\/product\/612121","targetHints":{"allow":["GET"]}}],"collection":[{"href":"https:\/\/lucacastelli.com\/de\/wp-json\/wp\/v2\/product"}],"about":[{"href":"https:\/\/lucacastelli.com\/de\/wp-json\/wp\/v2\/types\/product"}],"wp:featuredmedia":[{"embeddable":true,"href":"https:\/\/lucacastelli.com\/de\/wp-json\/wp\/v2\/media\/542511"}],"wp:attachment":[{"href":"https:\/\/lucacastelli.com\/de\/wp-json\/wp\/v2\/media?parent=612121"}],"wp:term":[{"taxonomy":"product_brand","embeddable":true,"href":"https:\/\/lucacastelli.com\/de\/wp-json\/wp\/v2\/product_brand?post=612121"},{"taxonomy":"product_cat","embeddable":true,"href":"https:\/\/lucacastelli.com\/de\/wp-json\/wp\/v2\/product_cat?post=612121"},{"taxonomy":"product_tag","embeddable":true,"href":"https:\/\/lucacastelli.com\/de\/wp-json\/wp\/v2\/product_tag?post=612121"}],"curies":[{"name":"wp","href":"https:\/\/api.w.org\/{rel}","templated":true}]}}