{"id":612110,"date":"2025-08-10T17:12:34","date_gmt":"2025-08-10T15:12:34","guid":{"rendered":"https:\/\/lucacastelli.com\/prodotto\/milwaukee-stuetzteller-fuer-m12-fros-hartklettverschluss\/"},"modified":"2025-08-10T17:12:34","modified_gmt":"2025-08-10T15:12:34","slug":"milwaukee-stuetzteller-fuer-m12-fros-hartklettverschluss","status":"publish","type":"product","link":"https:\/\/lucacastelli.com\/de\/produkt\/milwaukee-stuetzteller-fuer-m12-fros-hartklettverschluss\/","title":{"rendered":"Milwaukee St\u00fctzteller f\u00fcr M12 FROS &#8211; Hartklettverschluss"},"content":{"rendered":"<p>St\u00fctzteller f\u00fcr M12 FROS &#8211; Hard Velcro<br \/>\nSchleifteller f\u00fcr M12 FUEL 150 mm Exzenterschleifer;Hard und Velcro<\/p>\n<p>4932499245<br \/>\n4058546564094<\/p>\n","protected":false},"excerpt":{"rendered":"<p>St\u00fctzteller f\u00fcr M12 FROS &#8211; Hartklettverschluss<\/p>\n","protected":false},"featured_media":591243,"template":"","meta":{"_seopress_robots_primary_cat":"","_seopress_titles_title":"","_seopress_titles_desc":"","_seopress_robots_index":""},"product_brand":[3407],"product_cat":[5531,29],"product_tag":[3270],"class_list":{"0":"post-612110","1":"product","2":"type-product","3":"status-publish","4":"has-post-thumbnail","6":"product_brand-milwaukee","7":"product_cat-vari-macchinari-milwaukee","8":"product_cat-macchinari","9":"product_tag-import-milwau","10":"sws-conto-ricavi-merci-rivendita-macchinari-de","11":"sws-gruppo-iva-iva81-de","13":"first","14":"onbackorder","15":"sale","16":"shipping-taxable","17":"purchasable","18":"product-type-simple"},"_links":{"self":[{"href":"https:\/\/lucacastelli.com\/de\/wp-json\/wp\/v2\/product\/612110","targetHints":{"allow":["GET"]}}],"collection":[{"href":"https:\/\/lucacastelli.com\/de\/wp-json\/wp\/v2\/product"}],"about":[{"href":"https:\/\/lucacastelli.com\/de\/wp-json\/wp\/v2\/types\/product"}],"wp:featuredmedia":[{"embeddable":true,"href":"https:\/\/lucacastelli.com\/de\/wp-json\/wp\/v2\/media\/591243"}],"wp:attachment":[{"href":"https:\/\/lucacastelli.com\/de\/wp-json\/wp\/v2\/media?parent=612110"}],"wp:term":[{"taxonomy":"product_brand","embeddable":true,"href":"https:\/\/lucacastelli.com\/de\/wp-json\/wp\/v2\/product_brand?post=612110"},{"taxonomy":"product_cat","embeddable":true,"href":"https:\/\/lucacastelli.com\/de\/wp-json\/wp\/v2\/product_cat?post=612110"},{"taxonomy":"product_tag","embeddable":true,"href":"https:\/\/lucacastelli.com\/de\/wp-json\/wp\/v2\/product_tag?post=612110"}],"curies":[{"name":"wp","href":"https:\/\/api.w.org\/{rel}","templated":true}]}}