{"id":612107,"date":"2025-08-10T17:12:33","date_gmt":"2025-08-10T15:12:33","guid":{"rendered":"https:\/\/lucacastelli.com\/prodotto\/milwaukee-stuetzteller-fuer-m12-fros-soft-adhesive\/"},"modified":"2025-08-10T17:12:33","modified_gmt":"2025-08-10T15:12:33","slug":"milwaukee-stuetzteller-fuer-m12-fros-soft-adhesive","status":"publish","type":"product","link":"https:\/\/lucacastelli.com\/de\/produkt\/milwaukee-stuetzteller-fuer-m12-fros-soft-adhesive\/","title":{"rendered":"Milwaukee St\u00fctzteller f\u00fcr M12 FROS &#8211; Soft Adhesive"},"content":{"rendered":"<p>St\u00fctzteller f\u00fcr M12 FROS &#8211; Soft Adhesive<br \/>\nSchleifteller f\u00fcr M12 FUEL 150 mm Exzenterschleifer;Hart und druckempfindlich, klebend<\/p>\n<p>4932499246<br \/>\n4058546564100<\/p>\n","protected":false},"excerpt":{"rendered":"<p>St\u00fctzteller f\u00fcr M12 FROS &#8211; weich haftend<\/p>\n","protected":false},"featured_media":591248,"template":"","meta":{"_seopress_robots_primary_cat":"","_seopress_titles_title":"","_seopress_titles_desc":"","_seopress_robots_index":""},"product_brand":[3407],"product_cat":[5531,29],"product_tag":[3270],"class_list":{"0":"post-612107","1":"product","2":"type-product","3":"status-publish","4":"has-post-thumbnail","6":"product_brand-milwaukee","7":"product_cat-vari-macchinari-milwaukee","8":"product_cat-macchinari","9":"product_tag-import-milwau","10":"sws-conto-ricavi-merci-rivendita-macchinari-de","11":"sws-gruppo-iva-iva81-de","13":"first","14":"onbackorder","15":"sale","16":"shipping-taxable","17":"purchasable","18":"product-type-simple"},"_links":{"self":[{"href":"https:\/\/lucacastelli.com\/de\/wp-json\/wp\/v2\/product\/612107","targetHints":{"allow":["GET"]}}],"collection":[{"href":"https:\/\/lucacastelli.com\/de\/wp-json\/wp\/v2\/product"}],"about":[{"href":"https:\/\/lucacastelli.com\/de\/wp-json\/wp\/v2\/types\/product"}],"wp:featuredmedia":[{"embeddable":true,"href":"https:\/\/lucacastelli.com\/de\/wp-json\/wp\/v2\/media\/591248"}],"wp:attachment":[{"href":"https:\/\/lucacastelli.com\/de\/wp-json\/wp\/v2\/media?parent=612107"}],"wp:term":[{"taxonomy":"product_brand","embeddable":true,"href":"https:\/\/lucacastelli.com\/de\/wp-json\/wp\/v2\/product_brand?post=612107"},{"taxonomy":"product_cat","embeddable":true,"href":"https:\/\/lucacastelli.com\/de\/wp-json\/wp\/v2\/product_cat?post=612107"},{"taxonomy":"product_tag","embeddable":true,"href":"https:\/\/lucacastelli.com\/de\/wp-json\/wp\/v2\/product_tag?post=612107"}],"curies":[{"name":"wp","href":"https:\/\/api.w.org\/{rel}","templated":true}]}}