{"id":612090,"date":"2025-08-10T14:45:00","date_gmt":"2025-08-10T12:45:00","guid":{"rendered":"https:\/\/lucacastelli.com\/prodotto\/milwaukee-j18-mp1\/"},"modified":"2025-08-10T14:45:00","modified_gmt":"2025-08-10T12:45:00","slug":"milwaukee-j18-mp1","status":"publish","type":"product","link":"https:\/\/lucacastelli.com\/de\/produkt\/milwaukee-j18-mp1\/","title":{"rendered":"MILWAUKEE J18-MP1"},"content":{"rendered":"<p>J18-MP1IN Pressbacke f\u00fcr Mega Press<br \/>\nDie M12\u2122 und M18 FORCE LOGIC\u2122 Pressbacken wurden entwickelt, um die h\u00f6chsten Standards bei der Pressqualit\u00e4t und Haftung zu erreichen;Die Backen wurden so entwickelt, dass sie sich leicht mit einem Daumen \u00f6ffnen lassen und in Kombination mit den M12\u2122 und M18 FORCE LOGIC\u2122 Pressbacken mit einer Hand f\u00fcr Rohre bis zu 108 mm verwendet werden k\u00f6nnen;Die Backen erm\u00f6glichen hochwertige Pressverbindungen mit allen g\u00e4ngigen Fittingmarken<\/p>\n<p>4932479444<br \/>\n4058546372385<\/p>\n","protected":false},"excerpt":{"rendered":"<p>J18-MP1IN Pressbacke f\u00fcr Mega Press<\/p>\n","protected":false},"featured_media":543774,"template":"","meta":{"_seopress_robots_primary_cat":"","_seopress_titles_title":"","_seopress_titles_desc":"","_seopress_robots_index":""},"product_brand":[3656],"product_cat":[5534,169,1454],"product_tag":[3272],"class_list":{"0":"post-612090","1":"product","2":"type-product","3":"status-publish","4":"has-post-thumbnail","6":"product_brand-milwaukee-de","7":"product_cat-verschiedene-maschinen-von-milwaukee","8":"product_cat-maschinen","9":"product_cat-andere-gerate","10":"product_tag-import-milwau-de","11":"sws-conto-ricavi-merci-rivendita-macchinari-de","12":"sws-gruppo-iva-iva81-de","14":"first","15":"onbackorder","16":"sale","17":"shipping-taxable","18":"purchasable","19":"product-type-simple"},"_links":{"self":[{"href":"https:\/\/lucacastelli.com\/de\/wp-json\/wp\/v2\/product\/612090","targetHints":{"allow":["GET"]}}],"collection":[{"href":"https:\/\/lucacastelli.com\/de\/wp-json\/wp\/v2\/product"}],"about":[{"href":"https:\/\/lucacastelli.com\/de\/wp-json\/wp\/v2\/types\/product"}],"wp:featuredmedia":[{"embeddable":true,"href":"https:\/\/lucacastelli.com\/de\/wp-json\/wp\/v2\/media\/543774"}],"wp:attachment":[{"href":"https:\/\/lucacastelli.com\/de\/wp-json\/wp\/v2\/media?parent=612090"}],"wp:term":[{"taxonomy":"product_brand","embeddable":true,"href":"https:\/\/lucacastelli.com\/de\/wp-json\/wp\/v2\/product_brand?post=612090"},{"taxonomy":"product_cat","embeddable":true,"href":"https:\/\/lucacastelli.com\/de\/wp-json\/wp\/v2\/product_cat?post=612090"},{"taxonomy":"product_tag","embeddable":true,"href":"https:\/\/lucacastelli.com\/de\/wp-json\/wp\/v2\/product_tag?post=612090"}],"curies":[{"name":"wp","href":"https:\/\/api.w.org\/{rel}","templated":true}]}}