{"id":611846,"date":"2025-08-10T14:36:22","date_gmt":"2025-08-10T12:36:22","guid":{"rendered":"https:\/\/lucacastelli.com\/prodotto\/milwaukee-gerade-crimpzange-12-mm-m12-fuel\/"},"modified":"2025-08-10T14:36:22","modified_gmt":"2025-08-10T12:36:22","slug":"milwaukee-gerade-crimpzange-12-mm-m12-fuel","status":"publish","type":"product","link":"https:\/\/lucacastelli.com\/de\/produkt\/milwaukee-gerade-crimpzange-12-mm-m12-fuel\/","title":{"rendered":"Milwaukee Gerade Crimpzange 1,2 mm M12 FUEL"},"content":{"rendered":"<p>M12 FCN18GS-0X\/GROPPING MACHINES<br \/>\nSchie\u00dft 18G (1,2 mm) gerade Brads in L\u00e4ngen von 16 bis 38 mm;Automatisches Verriegelungssystem stoppt die Zange, wenn der Lader leer ist;Schnelles und einfaches Entfernen von Ablagerungen ohne Werkzeug;Reduzierte Oberfl\u00e4chenkontaktd\u00fcse erm\u00f6glicht das Arbeiten in engeren\/sch\u00e4rferen Winkeln;Kleinere L\u00f6cher, die genau den Durchmesser des Nippels haben, f\u00fcr eine nat\u00fcrlichere Oberfl\u00e4che;Die Einstellung der Nippeltiefe ist schnell und einfach;Schie\u00dft bis zu 450 Nippel mit einem M12\u2122 REDLITHIUM\u2122 2.0 Ah;Ladeger\u00e4t fasst bis zu 110 Nippel;Kein Auswechseln und Reinigen der Gaspatrone;FUEL Technologie definiert schnurlose Elektrowerkzeuge neu. Der b\u00fcrstenlose Motor, die REDLINK PLUS\u2122-Elektronik und der REDLITHIUM\u2122-Akku bieten \u00fcberragende Leistung und Langlebigkeit;Funktioniert mit allen M12\u2122 Milwaukee\u00ae-Akkus <\/p>\n<p>4933493354<br \/>\n4058546482251<\/p>\n","protected":false},"excerpt":{"rendered":"<p>M12 FCN18GS-0X\/GROPPING MACHINES<\/p>\n","protected":false},"featured_media":585573,"template":"","meta":{"_seopress_robots_primary_cat":"","_seopress_titles_title":"","_seopress_titles_desc":"","_seopress_robots_index":""},"product_brand":[3407],"product_cat":[5531,29,514],"product_tag":[3270],"class_list":{"0":"post-611846","1":"product","2":"type-product","3":"status-publish","4":"has-post-thumbnail","6":"product_brand-milwaukee","7":"product_cat-vari-macchinari-milwaukee","8":"product_cat-macchinari","9":"product_cat-altri-dispositivi","10":"product_tag-import-milwau","11":"sws-conto-ricavi-merci-rivendita-macchinari-de","12":"sws-gruppo-iva-iva81-de","14":"first","15":"onbackorder","16":"sale","17":"shipping-taxable","18":"purchasable","19":"product-type-simple"},"_links":{"self":[{"href":"https:\/\/lucacastelli.com\/de\/wp-json\/wp\/v2\/product\/611846","targetHints":{"allow":["GET"]}}],"collection":[{"href":"https:\/\/lucacastelli.com\/de\/wp-json\/wp\/v2\/product"}],"about":[{"href":"https:\/\/lucacastelli.com\/de\/wp-json\/wp\/v2\/types\/product"}],"wp:featuredmedia":[{"embeddable":true,"href":"https:\/\/lucacastelli.com\/de\/wp-json\/wp\/v2\/media\/585573"}],"wp:attachment":[{"href":"https:\/\/lucacastelli.com\/de\/wp-json\/wp\/v2\/media?parent=611846"}],"wp:term":[{"taxonomy":"product_brand","embeddable":true,"href":"https:\/\/lucacastelli.com\/de\/wp-json\/wp\/v2\/product_brand?post=611846"},{"taxonomy":"product_cat","embeddable":true,"href":"https:\/\/lucacastelli.com\/de\/wp-json\/wp\/v2\/product_cat?post=611846"},{"taxonomy":"product_tag","embeddable":true,"href":"https:\/\/lucacastelli.com\/de\/wp-json\/wp\/v2\/product_tag?post=611846"}],"curies":[{"name":"wp","href":"https:\/\/api.w.org\/{rel}","templated":true}]}}