{"id":611837,"date":"2025-08-10T14:36:21","date_gmt":"2025-08-10T12:36:21","guid":{"rendered":"https:\/\/lucacastelli.com\/prodotto\/milwaukee-gerade-crimpzange-16-mm-m18-fuel\/"},"modified":"2025-08-10T14:36:21","modified_gmt":"2025-08-10T12:36:21","slug":"milwaukee-gerade-crimpzange-16-mm-m18-fuel","status":"publish","type":"product","link":"https:\/\/lucacastelli.com\/de\/produkt\/milwaukee-gerade-crimpzange-16-mm-m18-fuel\/","title":{"rendered":"Milwaukee Gerade Crimpzange 1,6 mm M18 FUEL"},"content":{"rendered":"<p>M18FN16GS-0X\/GROPPING MACHINES<br \/>\nSchie\u00dft 1,6 mm gerade Radien in L\u00e4ngen von 25 bis 64 mm;Die Tiefe der Radien kann schnell und einfach eingestellt werden;Hinterl\u00e4sst ein sehr kleines Radienloch, ohne die Oberfl\u00e4che des Tr\u00e4germaterials zu beeintr\u00e4chtigen;M\u00f6glichkeit, die Radien in einem sch\u00e4rferen Winkel zu schie\u00dfen;Die Maschine stoppt selbst, wenn keine Radien vorhanden sind, um eine \u00dcberlastung zu vermeiden;Schie\u00dft bis zu 1200 Radien pro Ladung mit einem 5.0-Ah-Batterie; Sp\u00e4neentfernung ohne Demontage der Maschine; Es werden keine Gaspatronen ben\u00f6tigt und die Wartung ist praktisch null. Entwickelt, um die Anforderungen der anspruchsvollsten Profis zu erf\u00fcllen;Schutznasenpads, um die empfindlichsten Oberfl\u00e4chen nicht zu besch\u00e4digen;110-Pin-Ladeger\u00e4t;FUEL-Technologie definiert schnurlose Elektrowerkzeuge neu. Der b\u00fcrstenlose Motor, die REDLINK PLUS\u2122-Elektronik und der REDLITHIUM\u2122-Akku sorgen f\u00fcr \u00fcberragende Leistung und Langlebigkeit;Funktioniert mit allen M18 Milwaukee\u00ae-Akkus<\/p>\n<p>4933493353<br \/>\n4058546482244<\/p>\n","protected":false},"excerpt":{"rendered":"<p>M18FN16GS-0X\/GROSSMASCHINEN<\/p>\n","protected":false},"featured_media":585532,"template":"","meta":{"_seopress_robots_primary_cat":"","_seopress_titles_title":"","_seopress_titles_desc":"","_seopress_robots_index":""},"product_brand":[3407],"product_cat":[5531,29,514],"product_tag":[3270],"class_list":{"0":"post-611837","1":"product","2":"type-product","3":"status-publish","4":"has-post-thumbnail","6":"product_brand-milwaukee","7":"product_cat-vari-macchinari-milwaukee","8":"product_cat-macchinari","9":"product_cat-altri-dispositivi","10":"product_tag-import-milwau","11":"sws-conto-ricavi-merci-rivendita-macchinari-de","12":"sws-gruppo-iva-iva81-de","14":"first","15":"onbackorder","16":"sale","17":"shipping-taxable","18":"purchasable","19":"product-type-simple"},"_links":{"self":[{"href":"https:\/\/lucacastelli.com\/de\/wp-json\/wp\/v2\/product\/611837","targetHints":{"allow":["GET"]}}],"collection":[{"href":"https:\/\/lucacastelli.com\/de\/wp-json\/wp\/v2\/product"}],"about":[{"href":"https:\/\/lucacastelli.com\/de\/wp-json\/wp\/v2\/types\/product"}],"wp:featuredmedia":[{"embeddable":true,"href":"https:\/\/lucacastelli.com\/de\/wp-json\/wp\/v2\/media\/585532"}],"wp:attachment":[{"href":"https:\/\/lucacastelli.com\/de\/wp-json\/wp\/v2\/media?parent=611837"}],"wp:term":[{"taxonomy":"product_brand","embeddable":true,"href":"https:\/\/lucacastelli.com\/de\/wp-json\/wp\/v2\/product_brand?post=611837"},{"taxonomy":"product_cat","embeddable":true,"href":"https:\/\/lucacastelli.com\/de\/wp-json\/wp\/v2\/product_cat?post=611837"},{"taxonomy":"product_tag","embeddable":true,"href":"https:\/\/lucacastelli.com\/de\/wp-json\/wp\/v2\/product_tag?post=611837"}],"curies":[{"name":"wp","href":"https:\/\/api.w.org\/{rel}","templated":true}]}}