{"id":611835,"date":"2025-08-10T14:36:19","date_gmt":"2025-08-10T12:36:19","guid":{"rendered":"https:\/\/lucacastelli.com\/prodotto\/milwaukee-isolierte-heftklammern\/"},"modified":"2025-08-10T14:36:19","modified_gmt":"2025-08-10T12:36:19","slug":"milwaukee-isolierte-heftklammern","status":"publish","type":"product","link":"https:\/\/lucacastelli.com\/de\/produkt\/milwaukee-isolierte-heftklammern\/","title":{"rendered":"Milwaukee Isolierte Heftklammern"},"content":{"rendered":"<p>ELEKTRISCHE KABEL 25mm 600 Stk.<br \/>\nIsolierte Heftklammern f\u00fcr M12 BCST;19 mm breite und 25 mm lange Heftklammern zur Befestigung aller Arten von Elektro-\/Datenkabeln an Holzbalken\/Strukturen. Nicht f\u00fcr die Befestigung auf Beton geeignet;Flachklammern mit Kunststoffbr\u00fccke im Inneren. Die Kunststoffbr\u00fccke sorgt daf\u00fcr, dass die Kabel nach der Befestigung nicht besch\u00e4digt oder durchgeschnitten werden; nur f\u00fcr den Innenbereich geeignet  <\/p>\n<p>4932479628<br \/>\n4058546374228<\/p>\n","protected":false},"excerpt":{"rendered":"<p>ELEKTRISCHE KABEL 25mm 600 St\u00fcck<\/p>\n","protected":false},"featured_media":544292,"template":"","meta":{"_seopress_robots_primary_cat":"","_seopress_titles_title":"","_seopress_titles_desc":"","_seopress_robots_index":""},"product_brand":[3407],"product_cat":[5531,29,514],"product_tag":[3270],"class_list":{"0":"post-611835","1":"product","2":"type-product","3":"status-publish","4":"has-post-thumbnail","6":"product_brand-milwaukee","7":"product_cat-vari-macchinari-milwaukee","8":"product_cat-macchinari","9":"product_cat-altri-dispositivi","10":"product_tag-import-milwau","11":"sws-conto-ricavi-merci-rivendita-macchinari-de","12":"sws-gruppo-iva-iva81-de","14":"first","15":"onbackorder","16":"sale","17":"shipping-taxable","18":"purchasable","19":"product-type-simple"},"_links":{"self":[{"href":"https:\/\/lucacastelli.com\/de\/wp-json\/wp\/v2\/product\/611835","targetHints":{"allow":["GET"]}}],"collection":[{"href":"https:\/\/lucacastelli.com\/de\/wp-json\/wp\/v2\/product"}],"about":[{"href":"https:\/\/lucacastelli.com\/de\/wp-json\/wp\/v2\/types\/product"}],"wp:featuredmedia":[{"embeddable":true,"href":"https:\/\/lucacastelli.com\/de\/wp-json\/wp\/v2\/media\/544292"}],"wp:attachment":[{"href":"https:\/\/lucacastelli.com\/de\/wp-json\/wp\/v2\/media?parent=611835"}],"wp:term":[{"taxonomy":"product_brand","embeddable":true,"href":"https:\/\/lucacastelli.com\/de\/wp-json\/wp\/v2\/product_brand?post=611835"},{"taxonomy":"product_cat","embeddable":true,"href":"https:\/\/lucacastelli.com\/de\/wp-json\/wp\/v2\/product_cat?post=611835"},{"taxonomy":"product_tag","embeddable":true,"href":"https:\/\/lucacastelli.com\/de\/wp-json\/wp\/v2\/product_tag?post=611835"}],"curies":[{"name":"wp","href":"https:\/\/api.w.org\/{rel}","templated":true}]}}