{"id":611829,"date":"2025-08-10T14:36:20","date_gmt":"2025-08-10T12:36:20","guid":{"rendered":"https:\/\/lucacastelli.com\/prodotto\/milwaukee-schroepfmaschine-20-16-mm-m18-fuel\/"},"modified":"2025-08-10T14:36:20","modified_gmt":"2025-08-10T12:36:20","slug":"milwaukee-schroepfmaschine-20-16-mm-m18-fuel","status":"publish","type":"product","link":"https:\/\/lucacastelli.com\/de\/produkt\/milwaukee-schroepfmaschine-20-16-mm-m18-fuel\/","title":{"rendered":"Milwaukee Schr\u00f6pfmaschine 20\u00b0 1,6 mm M18 FUEL"},"content":{"rendered":"<p>M18FN16GA-0 AKKU-NAGLER<br \/>\nOptimale Leistung auch auf Harth\u00f6lzern;Extrem schnelle Befestigung (minimale Brenndauer);Minimale Wartung (kein Gas) und Reinigung erforderlich;Kompatibel mit 1,6 mm Brads;Ausgestattet mit verschiedenen D\u00fcsen, um das beste Finish f\u00fcr jede Anwendung zu garantieren;Erm\u00f6glicht das Abfeuern des Nagels in einem sch\u00e4rferen Winkel, f\u00fcr maximale Vielseitigkeit;Schnelle und einfache Einstellung der Nageltiefe (kein Werkzeug erforderlich);Verriegeln des Werkzeugs kurz bevor die Brads im Magazin ausgehen;Bis zu 1.200 N\u00e4gel mit einem 2,0 Ah REDLITHIUM\u2122-Akku;Schneller und einfacher Zugriff auf verriegelte N\u00e4gel;LED-Licht f\u00fcr eine bessere Sicht auf den Schlag;B\u00fcrstenloser Motor, REDLINK PLUS\u2122-Elektronik und REDLITHIUM\u2122-Akku bieten \u00fcberlegene Leistung und Haltbarkeit;Funktioniert mit allen M18 Milwaukee\u00ae-Akkus<\/p>\n<p>4933499154<br \/>\n4058546530235<\/p>\n","protected":false},"excerpt":{"rendered":"<p>M18FN16GA-0 AKKU-NAGLER<\/p>\n","protected":false},"featured_media":587691,"template":"","meta":{"_seopress_robots_primary_cat":"","_seopress_titles_title":"","_seopress_titles_desc":"","_seopress_robots_index":""},"product_brand":[3407],"product_cat":[5531,29,514],"product_tag":[3270],"class_list":{"0":"post-611829","1":"product","2":"type-product","3":"status-publish","4":"has-post-thumbnail","6":"product_brand-milwaukee","7":"product_cat-vari-macchinari-milwaukee","8":"product_cat-macchinari","9":"product_cat-altri-dispositivi","10":"product_tag-import-milwau","11":"sws-conto-ricavi-merci-rivendita-macchinari-de","12":"sws-gruppo-iva-iva81-de","14":"first","15":"onbackorder","16":"sale","17":"shipping-taxable","18":"purchasable","19":"product-type-simple"},"_links":{"self":[{"href":"https:\/\/lucacastelli.com\/de\/wp-json\/wp\/v2\/product\/611829","targetHints":{"allow":["GET"]}}],"collection":[{"href":"https:\/\/lucacastelli.com\/de\/wp-json\/wp\/v2\/product"}],"about":[{"href":"https:\/\/lucacastelli.com\/de\/wp-json\/wp\/v2\/types\/product"}],"wp:featuredmedia":[{"embeddable":true,"href":"https:\/\/lucacastelli.com\/de\/wp-json\/wp\/v2\/media\/587691"}],"wp:attachment":[{"href":"https:\/\/lucacastelli.com\/de\/wp-json\/wp\/v2\/media?parent=611829"}],"wp:term":[{"taxonomy":"product_brand","embeddable":true,"href":"https:\/\/lucacastelli.com\/de\/wp-json\/wp\/v2\/product_brand?post=611829"},{"taxonomy":"product_cat","embeddable":true,"href":"https:\/\/lucacastelli.com\/de\/wp-json\/wp\/v2\/product_cat?post=611829"},{"taxonomy":"product_tag","embeddable":true,"href":"https:\/\/lucacastelli.com\/de\/wp-json\/wp\/v2\/product_tag?post=611829"}],"curies":[{"name":"wp","href":"https:\/\/api.w.org\/{rel}","templated":true}]}}