{"id":611752,"date":"2025-08-10T14:43:49","date_gmt":"2025-08-10T12:43:49","guid":{"rendered":"https:\/\/lucacastelli.com\/prodotto\/milwaukee-j12-bmp-%c2%bd%e2%80%b3\/"},"modified":"2025-08-10T14:43:49","modified_gmt":"2025-08-10T12:43:49","slug":"milwaukee-j12-bmp-%c2%bd%e2%80%b3","status":"publish","type":"product","link":"https:\/\/lucacastelli.com\/de\/produkt\/milwaukee-j12-bmp-%c2%bd%e2%80%b3\/","title":{"rendered":"MILWAUKEE J12-BMP \u00bd\u2033"},"content":{"rendered":"<p>J12-BMP1\/2&#8243; MAXIPRO\/SYSTEM ZUBEH\u00d6R<br \/>\nOriginal Conex &amp; Banninger MaxiPro Pressprofile;Volle Zulassung des Conex &amp; Banninger MaxiPro Systems f\u00fcr K\u00fchlmittelanschl\u00fcsse<\/p>\n<p>4932493157<br \/>\n4058546480288<\/p>\n","protected":false},"excerpt":{"rendered":"<p>J12-BMP1\/2&#8243; MAXIPRO\/SYSTEM ZUBEH\u00d6R<\/p>\n","protected":false},"featured_media":561200,"template":"","meta":{"_seopress_robots_primary_cat":"","_seopress_titles_title":"","_seopress_titles_desc":"","_seopress_robots_index":""},"product_brand":[3656],"product_cat":[5534,169,1454],"product_tag":[3272],"class_list":{"0":"post-611752","1":"product","2":"type-product","3":"status-publish","4":"has-post-thumbnail","6":"product_brand-milwaukee-de","7":"product_cat-verschiedene-maschinen-von-milwaukee","8":"product_cat-maschinen","9":"product_cat-andere-gerate","10":"product_tag-import-milwau-de","11":"sws-conto-ricavi-merci-rivendita-macchinari-de","12":"sws-gruppo-iva-iva81-de","14":"first","15":"onbackorder","16":"sale","17":"shipping-taxable","18":"purchasable","19":"product-type-simple"},"_links":{"self":[{"href":"https:\/\/lucacastelli.com\/de\/wp-json\/wp\/v2\/product\/611752","targetHints":{"allow":["GET"]}}],"collection":[{"href":"https:\/\/lucacastelli.com\/de\/wp-json\/wp\/v2\/product"}],"about":[{"href":"https:\/\/lucacastelli.com\/de\/wp-json\/wp\/v2\/types\/product"}],"wp:featuredmedia":[{"embeddable":true,"href":"https:\/\/lucacastelli.com\/de\/wp-json\/wp\/v2\/media\/561200"}],"wp:attachment":[{"href":"https:\/\/lucacastelli.com\/de\/wp-json\/wp\/v2\/media?parent=611752"}],"wp:term":[{"taxonomy":"product_brand","embeddable":true,"href":"https:\/\/lucacastelli.com\/de\/wp-json\/wp\/v2\/product_brand?post=611752"},{"taxonomy":"product_cat","embeddable":true,"href":"https:\/\/lucacastelli.com\/de\/wp-json\/wp\/v2\/product_cat?post=611752"},{"taxonomy":"product_tag","embeddable":true,"href":"https:\/\/lucacastelli.com\/de\/wp-json\/wp\/v2\/product_tag?post=611752"}],"curies":[{"name":"wp","href":"https:\/\/api.w.org\/{rel}","templated":true}]}}