{"id":611725,"date":"2025-08-10T16:31:09","date_gmt":"2025-08-10T14:31:09","guid":{"rendered":"https:\/\/lucacastelli.com\/prodotto\/milwaukee-fixtec-ringmutter-m14-universal\/"},"modified":"2025-08-10T16:31:09","modified_gmt":"2025-08-10T14:31:09","slug":"milwaukee-fixtec-ringmutter-m14-universal","status":"publish","type":"product","link":"https:\/\/lucacastelli.com\/de\/produkt\/milwaukee-fixtec-ringmutter-m14-universal\/","title":{"rendered":"Milwaukee Fixtec Ringmutter M14 universal"},"content":{"rendered":"<p>Fixtec Mutter M14 universal-1pc<br \/>\nUniversell verwendbar mit Winkelschleifern von 115 230 Durchmesser;Geeignet f\u00fcr Schleifer mit Motorbremse;FIXTEC: Scheibenwechsel in Sekundenschnelle, kein Werkzeug erforderlich;Nur 8 dick: erm\u00f6glicht eine gr\u00f6\u00dfere Scheibenfl\u00e4che sowie den Einsatz an schwer zug\u00e4nglichen Stellen;Mit integrierten L\u00f6chern f\u00fcr Standardschl\u00fcssel, wenn die Mutter nicht mehr von Hand entfernt werden kann<\/p>\n<p>4932498607<br \/>\n4058546524760<\/p>\n","protected":false},"excerpt":{"rendered":"<p>Fixtec Mutter M14 universal-1pc<\/p>\n","protected":false},"featured_media":567589,"template":"","meta":{"_seopress_robots_primary_cat":"","_seopress_titles_title":"","_seopress_titles_desc":"","_seopress_robots_index":""},"product_brand":[3407],"product_cat":[5531,29],"product_tag":[3270],"class_list":{"0":"post-611725","1":"product","2":"type-product","3":"status-publish","4":"has-post-thumbnail","6":"product_brand-milwaukee","7":"product_cat-vari-macchinari-milwaukee","8":"product_cat-macchinari","9":"product_tag-import-milwau","10":"sws-conto-ricavi-merci-rivendita-macchinari-de","11":"sws-gruppo-iva-iva81-de","13":"first","14":"onbackorder","15":"sale","16":"shipping-taxable","17":"purchasable","18":"product-type-simple"},"_links":{"self":[{"href":"https:\/\/lucacastelli.com\/de\/wp-json\/wp\/v2\/product\/611725","targetHints":{"allow":["GET"]}}],"collection":[{"href":"https:\/\/lucacastelli.com\/de\/wp-json\/wp\/v2\/product"}],"about":[{"href":"https:\/\/lucacastelli.com\/de\/wp-json\/wp\/v2\/types\/product"}],"wp:featuredmedia":[{"embeddable":true,"href":"https:\/\/lucacastelli.com\/de\/wp-json\/wp\/v2\/media\/567589"}],"wp:attachment":[{"href":"https:\/\/lucacastelli.com\/de\/wp-json\/wp\/v2\/media?parent=611725"}],"wp:term":[{"taxonomy":"product_brand","embeddable":true,"href":"https:\/\/lucacastelli.com\/de\/wp-json\/wp\/v2\/product_brand?post=611725"},{"taxonomy":"product_cat","embeddable":true,"href":"https:\/\/lucacastelli.com\/de\/wp-json\/wp\/v2\/product_cat?post=611725"},{"taxonomy":"product_tag","embeddable":true,"href":"https:\/\/lucacastelli.com\/de\/wp-json\/wp\/v2\/product_tag?post=611725"}],"curies":[{"name":"wp","href":"https:\/\/api.w.org\/{rel}","templated":true}]}}