{"id":611719,"date":"2025-08-10T16:34:00","date_gmt":"2025-08-10T14:34:00","guid":{"rendered":"https:\/\/lucacastelli.com\/prodotto\/milwaukee-spezialanwendungen-gusseisen-abrasive-materialien-glasfaser-5\/"},"modified":"2025-08-10T16:34:00","modified_gmt":"2025-08-10T14:34:00","slug":"milwaukee-spezialanwendungen-gusseisen-abrasive-materialien-glasfaser-5","status":"publish","type":"product","link":"https:\/\/lucacastelli.com\/de\/produkt\/milwaukee-spezialanwendungen-gusseisen-abrasive-materialien-glasfaser-5\/","title":{"rendered":"Milwaukee Spezialanwendungen: Gusseisen \/ abrasive Materialien \/ Glasfaser"},"content":{"rendered":"<p>SD TCT BLADE L\u00e4nge mm\/Teilung 235\/3<br \/>\nExtra dicke Klinge f\u00fcr reduzierte Vibrationen und gerade Schnitte;Extrem robustes Metallgeh\u00e4use f\u00fcr 100-mal l\u00e4ngere Lebensdauer als Bimetallkerben;Selbstsch\u00e4rfende Kerbe;Anwendungsbereiche: Porenbeton, weiche und halbharte Ziegel, halbharter Kalkstein <\/p>\n<p>4932498320<br \/>\n4058546521899<\/p>\n","protected":false},"excerpt":{"rendered":"<p>SD TCT BLADE L\u00e4nge mm\/Teilung 235\/3 <\/p>\n","protected":false},"featured_media":567189,"template":"","meta":{"_seopress_robots_primary_cat":"","_seopress_titles_title":"","_seopress_titles_desc":"","_seopress_robots_index":""},"product_brand":[3407],"product_cat":[29,514,558],"product_tag":[3270],"class_list":{"0":"post-611719","1":"product","2":"type-product","3":"status-publish","4":"has-post-thumbnail","6":"product_brand-milwaukee","7":"product_cat-macchinari","8":"product_cat-altri-dispositivi","9":"product_cat-seghe-accessori-vari","10":"product_tag-import-milwau","11":"sws-conto-ricavi-merci-rivendita-macchinari-de","12":"sws-gruppo-iva-iva81-de","14":"first","15":"onbackorder","16":"sale","17":"shipping-taxable","18":"purchasable","19":"product-type-simple"},"_links":{"self":[{"href":"https:\/\/lucacastelli.com\/de\/wp-json\/wp\/v2\/product\/611719","targetHints":{"allow":["GET"]}}],"collection":[{"href":"https:\/\/lucacastelli.com\/de\/wp-json\/wp\/v2\/product"}],"about":[{"href":"https:\/\/lucacastelli.com\/de\/wp-json\/wp\/v2\/types\/product"}],"wp:featuredmedia":[{"embeddable":true,"href":"https:\/\/lucacastelli.com\/de\/wp-json\/wp\/v2\/media\/567189"}],"wp:attachment":[{"href":"https:\/\/lucacastelli.com\/de\/wp-json\/wp\/v2\/media?parent=611719"}],"wp:term":[{"taxonomy":"product_brand","embeddable":true,"href":"https:\/\/lucacastelli.com\/de\/wp-json\/wp\/v2\/product_brand?post=611719"},{"taxonomy":"product_cat","embeddable":true,"href":"https:\/\/lucacastelli.com\/de\/wp-json\/wp\/v2\/product_cat?post=611719"},{"taxonomy":"product_tag","embeddable":true,"href":"https:\/\/lucacastelli.com\/de\/wp-json\/wp\/v2\/product_tag?post=611719"}],"curies":[{"name":"wp","href":"https:\/\/api.w.org\/{rel}","templated":true}]}}