{"id":611712,"date":"2025-08-10T16:33:59","date_gmt":"2025-08-10T14:33:59","guid":{"rendered":"https:\/\/lucacastelli.com\/prodotto\/milwaukee-spezialanwendungen-gusseisen-abrasive-materialien-glasfaser-3\/"},"modified":"2025-08-10T16:33:59","modified_gmt":"2025-08-10T14:33:59","slug":"milwaukee-spezialanwendungen-gusseisen-abrasive-materialien-glasfaser-3","status":"publish","type":"product","link":"https:\/\/lucacastelli.com\/de\/produkt\/milwaukee-spezialanwendungen-gusseisen-abrasive-materialien-glasfaser-3\/","title":{"rendered":"Milwaukee Spezialanwendungen: Gusseisen \/ abrasive Materialien \/ Glasfaser"},"content":{"rendered":"<p>SD TCT BLADE L\u00e4nge mm\/Teilung 300\/3<br \/>\nExtra dicke Klinge f\u00fcr reduzierte Vibrationen und gerade Schnitte;Extrem robustes Metallgeh\u00e4use f\u00fcr 100-mal l\u00e4ngere Lebensdauer als Bimetallkerben;Selbstsch\u00e4rfende Kerbe;Anwendungsbereiche: Porenbeton, weiche und halbharte Ziegel, halbharter Kalkstein <\/p>\n<p>4932498321<br \/>\n4058546521905<\/p>\n","protected":false},"excerpt":{"rendered":"<p>SD TCT BLADE L\u00e4nge mm\/Teilung 300\/3 <\/p>\n","protected":false},"featured_media":567194,"template":"","meta":{"_seopress_robots_primary_cat":"","_seopress_titles_title":"","_seopress_titles_desc":"","_seopress_robots_index":""},"product_brand":[3656],"product_cat":[1454,169,1535],"product_tag":[3272],"class_list":{"0":"post-611712","1":"product","2":"type-product","3":"status-publish","4":"has-post-thumbnail","6":"product_brand-milwaukee-de","7":"product_cat-andere-gerate","8":"product_cat-maschinen","9":"product_cat-sagen","10":"product_tag-import-milwau-de","11":"sws-conto-ricavi-merci-rivendita-macchinari-de","12":"sws-gruppo-iva-iva81-de","14":"first","15":"onbackorder","16":"sale","17":"shipping-taxable","18":"purchasable","19":"product-type-simple"},"_links":{"self":[{"href":"https:\/\/lucacastelli.com\/de\/wp-json\/wp\/v2\/product\/611712","targetHints":{"allow":["GET"]}}],"collection":[{"href":"https:\/\/lucacastelli.com\/de\/wp-json\/wp\/v2\/product"}],"about":[{"href":"https:\/\/lucacastelli.com\/de\/wp-json\/wp\/v2\/types\/product"}],"wp:featuredmedia":[{"embeddable":true,"href":"https:\/\/lucacastelli.com\/de\/wp-json\/wp\/v2\/media\/567194"}],"wp:attachment":[{"href":"https:\/\/lucacastelli.com\/de\/wp-json\/wp\/v2\/media?parent=611712"}],"wp:term":[{"taxonomy":"product_brand","embeddable":true,"href":"https:\/\/lucacastelli.com\/de\/wp-json\/wp\/v2\/product_brand?post=611712"},{"taxonomy":"product_cat","embeddable":true,"href":"https:\/\/lucacastelli.com\/de\/wp-json\/wp\/v2\/product_cat?post=611712"},{"taxonomy":"product_tag","embeddable":true,"href":"https:\/\/lucacastelli.com\/de\/wp-json\/wp\/v2\/product_tag?post=611712"}],"curies":[{"name":"wp","href":"https:\/\/api.w.org\/{rel}","templated":true}]}}