{"id":611706,"date":"2025-08-10T16:33:58","date_gmt":"2025-08-10T14:33:58","guid":{"rendered":"https:\/\/lucacastelli.com\/prodotto\/milwaukee-spezialanwendungen-gusseisen-abrasive-materialien-glasfaser\/"},"modified":"2025-08-10T16:33:58","modified_gmt":"2025-08-10T14:33:58","slug":"milwaukee-spezialanwendungen-gusseisen-abrasive-materialien-glasfaser","status":"publish","type":"product","link":"https:\/\/lucacastelli.com\/de\/produkt\/milwaukee-spezialanwendungen-gusseisen-abrasive-materialien-glasfaser\/","title":{"rendered":"Milwaukee Spezialanwendungen: Gusseisen \/ abrasive Materialien \/ Glasfaser"},"content":{"rendered":"<p>SD TCT BLADE L\u00e4nge mm\/Teilung 450\/3<br \/>\nHartmetallbest\u00fcckte Klinge zum Schneiden von abrasiven Materialien wie Porenbeton, weichen und halbharten Ziegeln, halbhartem Kalkstein;50 mm Klingenh\u00f6he sorgt f\u00fcr mehr Stabilit\u00e4t und weniger Vibrationen;1,8 mm extradicker Klingenk\u00f6rper f\u00fcr l\u00e4ngere Lebensdauer und geradere Schnitte <\/p>\n<p>4932498322<br \/>\n4058546521912<\/p>\n","protected":false},"excerpt":{"rendered":"<p>SD TCT BLADE L\u00e4nge mm\/Teilung 450\/3 <\/p>\n","protected":false},"featured_media":567199,"template":"","meta":{"_seopress_robots_primary_cat":"","_seopress_titles_title":"","_seopress_titles_desc":"","_seopress_robots_index":""},"product_brand":[3656],"product_cat":[169,1454,1535],"product_tag":[3272],"class_list":{"0":"post-611706","1":"product","2":"type-product","3":"status-publish","4":"has-post-thumbnail","6":"product_brand-milwaukee-de","7":"product_cat-maschinen","8":"product_cat-andere-gerate","9":"product_cat-sagen","10":"product_tag-import-milwau-de","11":"sws-conto-ricavi-merci-rivendita-macchinari-de","12":"sws-gruppo-iva-iva81-de","14":"first","15":"onbackorder","16":"sale","17":"shipping-taxable","18":"purchasable","19":"product-type-simple"},"_links":{"self":[{"href":"https:\/\/lucacastelli.com\/de\/wp-json\/wp\/v2\/product\/611706","targetHints":{"allow":["GET"]}}],"collection":[{"href":"https:\/\/lucacastelli.com\/de\/wp-json\/wp\/v2\/product"}],"about":[{"href":"https:\/\/lucacastelli.com\/de\/wp-json\/wp\/v2\/types\/product"}],"wp:featuredmedia":[{"embeddable":true,"href":"https:\/\/lucacastelli.com\/de\/wp-json\/wp\/v2\/media\/567199"}],"wp:attachment":[{"href":"https:\/\/lucacastelli.com\/de\/wp-json\/wp\/v2\/media?parent=611706"}],"wp:term":[{"taxonomy":"product_brand","embeddable":true,"href":"https:\/\/lucacastelli.com\/de\/wp-json\/wp\/v2\/product_brand?post=611706"},{"taxonomy":"product_cat","embeddable":true,"href":"https:\/\/lucacastelli.com\/de\/wp-json\/wp\/v2\/product_cat?post=611706"},{"taxonomy":"product_tag","embeddable":true,"href":"https:\/\/lucacastelli.com\/de\/wp-json\/wp\/v2\/product_tag?post=611706"}],"curies":[{"name":"wp","href":"https:\/\/api.w.org\/{rel}","templated":true}]}}