{"id":611705,"date":"2025-08-10T16:44:18","date_gmt":"2025-08-10T14:44:18","guid":{"rendered":"https:\/\/lucacastelli.com\/prodotto\/milwaukee-bolt-100-200-ersatzteile-2\/"},"modified":"2025-08-10T16:44:18","modified_gmt":"2025-08-10T14:44:18","slug":"milwaukee-bolt-100-200-ersatzteile-2","status":"publish","type":"product","link":"https:\/\/lucacastelli.com\/de\/produkt\/milwaukee-bolt-100-200-ersatzteile-2\/","title":{"rendered":"Milwaukee BOLT\u2122 100 &amp; 200 Ersatzteile"},"content":{"rendered":"<p>EN397 4-POINT UNDERGROUND G\u00fcrtel &#8211; 1pcs<br \/>\nAtmungsaktives, gepolstertes Kronenfutter und Schwei\u00dfband. Leicht abnehmbare, maschinenwaschbare (30\u00b0C) und austauschbare Teile&lt;br&gt; Der EN397-zertifizierte Kinnriemen ist f\u00fcr Arbeiten am Boden geeignet und farblich in Schwarz und Grau gekennzeichnet. Der EN12492-zertifizierte Kinnriemen ist f\u00fcr Arbeiten in der H\u00f6he geeignet und in den Farben Schwarz und Rot gekennzeichnet.  <\/p>\n<p>4932480661<br \/>\n4058546409463<\/p>\n","protected":false},"excerpt":{"rendered":"<p>4-POINT UNDERGROUND G\u00fcrtel EN397 &#8211; 1 St\u00fcck<\/p>\n","protected":false},"featured_media":553356,"template":"","meta":{"_seopress_robots_primary_cat":"","_seopress_titles_title":"","_seopress_titles_desc":"","_seopress_robots_index":""},"product_brand":[3407],"product_cat":[33,537,815],"product_tag":[3270],"class_list":{"0":"post-611705","1":"product","2":"type-product","3":"status-publish","4":"has-post-thumbnail","6":"product_brand-milwaukee","7":"product_cat-attrezzature","8":"product_cat-attrezzatura-da-lavoro","9":"product_cat-caschi","10":"product_tag-import-milwau","11":"sws-conto-ricavi-merci-rivendita-macchinari-de","12":"sws-gruppo-iva-iva81-de","14":"first","15":"onbackorder","16":"shipping-taxable","17":"purchasable","18":"product-type-simple"},"_links":{"self":[{"href":"https:\/\/lucacastelli.com\/de\/wp-json\/wp\/v2\/product\/611705","targetHints":{"allow":["GET"]}}],"collection":[{"href":"https:\/\/lucacastelli.com\/de\/wp-json\/wp\/v2\/product"}],"about":[{"href":"https:\/\/lucacastelli.com\/de\/wp-json\/wp\/v2\/types\/product"}],"wp:featuredmedia":[{"embeddable":true,"href":"https:\/\/lucacastelli.com\/de\/wp-json\/wp\/v2\/media\/553356"}],"wp:attachment":[{"href":"https:\/\/lucacastelli.com\/de\/wp-json\/wp\/v2\/media?parent=611705"}],"wp:term":[{"taxonomy":"product_brand","embeddable":true,"href":"https:\/\/lucacastelli.com\/de\/wp-json\/wp\/v2\/product_brand?post=611705"},{"taxonomy":"product_cat","embeddable":true,"href":"https:\/\/lucacastelli.com\/de\/wp-json\/wp\/v2\/product_cat?post=611705"},{"taxonomy":"product_tag","embeddable":true,"href":"https:\/\/lucacastelli.com\/de\/wp-json\/wp\/v2\/product_tag?post=611705"}],"curies":[{"name":"wp","href":"https:\/\/api.w.org\/{rel}","templated":true}]}}