{"id":611675,"date":"2025-08-15T11:05:05","date_gmt":"2025-08-15T09:05:05","guid":{"rendered":"https:\/\/lucacastelli.com\/prodotto\/protos-bt-com-mikrofonpolsterung\/"},"modified":"2026-04-15T03:56:14","modified_gmt":"2026-04-15T01:56:14","slug":"protos-bt-com-mikrofonpolsterung","status":"publish","type":"product","link":"https:\/\/lucacastelli.com\/de\/produkt\/protos-bt-com-mikrofonpolsterung\/","title":{"rendered":"Protos\u00ae BT-COM Mikrofonpolster"},"content":{"rendered":"<p>Mikrofonpolster f\u00fcr Protos\u00ae BT-COM zum optimalen Schutz des Mikrofons vor Staub und Feuchtigkeit. Aus hygienischen Gr\u00fcnden wird empfohlen, das Mikrofonpolster regelm\u00e4\u00dfig zu waschen oder bei Bedarf zu ersetzen. <\/p>\n<p>Material: 100 % Polyurethan<br \/>\nVerpackungseinheit: 1 St\u00fcck<\/p>\n","protected":false},"excerpt":{"rendered":"<p>Mikrofonpolster f\u00fcr Protos\u00ae BT-COM zum optimalen Schutz des Mikrofons vor Staub und Feuchtigkeit. Aus hygienischen Gr\u00fcnden wird empfohlen, das Mikrofonpolster<\/p>\n","protected":false},"featured_media":610137,"template":"","meta":{"_seopress_robots_primary_cat":"none","_seopress_titles_title":"","_seopress_titles_desc":"","_seopress_robots_index":""},"product_brand":[3670,4720],"product_cat":[1396,150,1404],"product_tag":[],"class_list":{"0":"post-611675","1":"product","2":"type-product","3":"status-publish","4":"has-post-thumbnail","6":"product_brand-pfanner-de","7":"product_brand-protos-de","8":"product_cat-arbeitsausrustung","9":"product_cat-ausrustung","10":"product_cat-helme","11":"sws-gruppo-no-gruppo-de","12":"sws-conto-ricavi-merci-rivendita-abbigliamento-de","13":"sws-gruppo-iva-iva81-de","15":"first","16":"instock","17":"shipping-taxable","18":"purchasable","19":"product-type-simple"},"_links":{"self":[{"href":"https:\/\/lucacastelli.com\/de\/wp-json\/wp\/v2\/product\/611675","targetHints":{"allow":["GET"]}}],"collection":[{"href":"https:\/\/lucacastelli.com\/de\/wp-json\/wp\/v2\/product"}],"about":[{"href":"https:\/\/lucacastelli.com\/de\/wp-json\/wp\/v2\/types\/product"}],"wp:featuredmedia":[{"embeddable":true,"href":"https:\/\/lucacastelli.com\/de\/wp-json\/wp\/v2\/media\/610137"}],"wp:attachment":[{"href":"https:\/\/lucacastelli.com\/de\/wp-json\/wp\/v2\/media?parent=611675"}],"wp:term":[{"taxonomy":"product_brand","embeddable":true,"href":"https:\/\/lucacastelli.com\/de\/wp-json\/wp\/v2\/product_brand?post=611675"},{"taxonomy":"product_cat","embeddable":true,"href":"https:\/\/lucacastelli.com\/de\/wp-json\/wp\/v2\/product_cat?post=611675"},{"taxonomy":"product_tag","embeddable":true,"href":"https:\/\/lucacastelli.com\/de\/wp-json\/wp\/v2\/product_tag?post=611675"}],"curies":[{"name":"wp","href":"https:\/\/api.w.org\/{rel}","templated":true}]}}