{"id":611674,"date":"2025-08-15T14:16:06","date_gmt":"2025-08-15T12:16:06","guid":{"rendered":"https:\/\/lucacastelli.com\/prodotto\/protos-bt-com-usb-mit-ladekabel\/"},"modified":"2026-03-24T15:04:29","modified_gmt":"2026-03-24T14:04:29","slug":"protos-bt-com-usb-mit-ladekabel","status":"publish","type":"product","link":"https:\/\/lucacastelli.com\/de\/produkt\/protos-bt-com-usb-mit-ladekabel\/","title":{"rendered":"Protos\u00ae BT-Com USB- mit Ladekabel"},"content":{"rendered":"<p>Protos\u00ae BT-Com USB-Ladeb\u00fcgel, kompatibel mit BT-Com als Ersatz oder als zus\u00e4tzliche Ladeoption f\u00fcr unterwegs.<\/p>\n","protected":false},"excerpt":{"rendered":"<p>Protos\u00ae BT-Com USB-Ladeb\u00fcgel, kompatibel mit BT-Com als Ersatz oder als zus\u00e4tzliche Ladeoption f\u00fcr unterwegs.<\/p>\n","protected":false},"featured_media":610153,"template":"","meta":{"_seopress_robots_primary_cat":"none","_seopress_titles_title":"","_seopress_titles_desc":"","_seopress_robots_index":""},"product_brand":[3458,4381],"product_cat":[33,537,815],"product_tag":[],"class_list":{"0":"post-611674","1":"product","2":"type-product","3":"status-publish","4":"has-post-thumbnail","6":"product_brand-pfanner","7":"product_brand-protos","8":"product_cat-attrezzature","9":"product_cat-attrezzatura-da-lavoro","10":"product_cat-caschi","11":"sws-gruppo-no-gruppo-de","12":"sws-conto-ricavi-merci-rivendita-abbigliamento-de","13":"sws-gruppo-iva-iva81-de","15":"first","16":"instock","17":"shipping-taxable","18":"purchasable","19":"product-type-simple"},"_links":{"self":[{"href":"https:\/\/lucacastelli.com\/de\/wp-json\/wp\/v2\/product\/611674","targetHints":{"allow":["GET"]}}],"collection":[{"href":"https:\/\/lucacastelli.com\/de\/wp-json\/wp\/v2\/product"}],"about":[{"href":"https:\/\/lucacastelli.com\/de\/wp-json\/wp\/v2\/types\/product"}],"wp:featuredmedia":[{"embeddable":true,"href":"https:\/\/lucacastelli.com\/de\/wp-json\/wp\/v2\/media\/610153"}],"wp:attachment":[{"href":"https:\/\/lucacastelli.com\/de\/wp-json\/wp\/v2\/media?parent=611674"}],"wp:term":[{"taxonomy":"product_brand","embeddable":true,"href":"https:\/\/lucacastelli.com\/de\/wp-json\/wp\/v2\/product_brand?post=611674"},{"taxonomy":"product_cat","embeddable":true,"href":"https:\/\/lucacastelli.com\/de\/wp-json\/wp\/v2\/product_cat?post=611674"},{"taxonomy":"product_tag","embeddable":true,"href":"https:\/\/lucacastelli.com\/de\/wp-json\/wp\/v2\/product_tag?post=611674"}],"curies":[{"name":"wp","href":"https:\/\/api.w.org\/{rel}","templated":true}]}}