{"id":611667,"date":"2025-08-15T14:55:36","date_gmt":"2025-08-15T12:55:36","guid":{"rendered":"https:\/\/lucacastelli.com\/prodotto\/protos-headset-7\/"},"modified":"2026-03-16T13:42:22","modified_gmt":"2026-03-16T12:42:22","slug":"protos-headset-7","status":"publish","type":"product","link":"https:\/\/lucacastelli.com\/de\/produkt\/protos-headset-7\/","title":{"rendered":"Protos\u00ae Headset"},"content":{"rendered":"<p>Der Protos\u00ae Geh\u00f6rschutzkapselhalter wird ben\u00f6tigt, um Geh\u00f6rschutzkapseln am Protos\u00ae zu befestigen. Der Geh\u00f6rschutzkapselhalter wird am vorhandenen Ger\u00e4t befestigt und erm\u00f6glicht die Montage der Geh\u00f6rschutzkapseln sowie die Einstellung von H\u00f6he und Anpressdruck. <\/p>\n<p>Material: 100% ABS<br \/>\nMa\u00dfe: Standard<\/p>\n","protected":false},"excerpt":{"rendered":"<p>Der Protos\u00ae Geh\u00f6rschutzkapselhalter wird ben\u00f6tigt, um Geh\u00f6rschutzkapseln am Protos\u00ae zu befestigen. Der Geh\u00f6rschutzkapselhalter wird am vorhandenen Ger\u00e4t befestigt und erm\u00f6glicht<\/p>\n","protected":false},"featured_media":610213,"template":"","meta":{"_seopress_robots_primary_cat":"none","_seopress_titles_title":"","_seopress_titles_desc":"","_seopress_robots_index":""},"product_brand":[3670,4720],"product_cat":[1396,150,1404],"product_tag":[],"class_list":{"0":"post-611667","1":"product","2":"type-product","3":"status-publish","4":"has-post-thumbnail","6":"product_brand-pfanner-de","7":"product_brand-protos-de","8":"product_cat-arbeitsausrustung","9":"product_cat-ausrustung","10":"product_cat-helme","11":"sws-gruppo-no-gruppo-de","12":"sws-conto-ricavi-merci-rivendita-abbigliamento-de","13":"sws-gruppo-iva-iva81-de","15":"first","16":"instock","17":"shipping-taxable","18":"purchasable","19":"product-type-simple"},"_links":{"self":[{"href":"https:\/\/lucacastelli.com\/de\/wp-json\/wp\/v2\/product\/611667","targetHints":{"allow":["GET"]}}],"collection":[{"href":"https:\/\/lucacastelli.com\/de\/wp-json\/wp\/v2\/product"}],"about":[{"href":"https:\/\/lucacastelli.com\/de\/wp-json\/wp\/v2\/types\/product"}],"wp:featuredmedia":[{"embeddable":true,"href":"https:\/\/lucacastelli.com\/de\/wp-json\/wp\/v2\/media\/610213"}],"wp:attachment":[{"href":"https:\/\/lucacastelli.com\/de\/wp-json\/wp\/v2\/media?parent=611667"}],"wp:term":[{"taxonomy":"product_brand","embeddable":true,"href":"https:\/\/lucacastelli.com\/de\/wp-json\/wp\/v2\/product_brand?post=611667"},{"taxonomy":"product_cat","embeddable":true,"href":"https:\/\/lucacastelli.com\/de\/wp-json\/wp\/v2\/product_cat?post=611667"},{"taxonomy":"product_tag","embeddable":true,"href":"https:\/\/lucacastelli.com\/de\/wp-json\/wp\/v2\/product_tag?post=611667"}],"curies":[{"name":"wp","href":"https:\/\/api.w.org\/{rel}","templated":true}]}}