{"id":611666,"date":"2025-08-14T19:00:22","date_gmt":"2025-08-14T17:00:22","guid":{"rendered":"https:\/\/lucacastelli.com\/prodotto\/protos-maclip-light-rechts\/"},"modified":"2026-04-15T03:53:05","modified_gmt":"2026-04-15T01:53:05","slug":"protos-maclip-light-rechts","status":"publish","type":"product","link":"https:\/\/lucacastelli.com\/de\/produkt\/protos-maclip-light-rechts\/","title":{"rendered":"Protos\u00ae Maclip Light (rechts)"},"content":{"rendered":"<p>Die Maclip Light ist eine LED-Sicherheitsleuchte, die au\u00dfen am Protos\u00ae, wahlweise links oder rechts, montiert werden kann. Diese Lampe ist DEKRA-zertifiziert und nicht leitend. Zudem ist sie nach den ATEX-Zonen 1 und 21 explosionsgesch\u00fctzt. Mit einem Lichtstrom von ~120 Lumen bietet die Lampe ausreichend Helligkeit f\u00fcr die meisten T\u00e4tigkeiten. Die Maclip Light wird \u00fcber ein Magnetsystem am Protos\u00ae befestigt. Dieses System ist auch f\u00fcr die G\u00fcrtelhalterung geeignet.<br \/>\nDie Protos\u00ae Maclip Light hat 120 Lumen, ist 100 % wasserdicht und beidseitig einsetzbar. Dar\u00fcber hinaus ist die Protos\u00ae Maclip Light nach ATEX-Zone 1 explosionsgesch\u00fctzt und DEKRA-zertifiziert.<br \/>\nInformationen<br \/>\nDie Montage der Protos\u00ae Maclip Light Halterung (204076) am Protos\u00ae darf ausschlie\u00dflich durch Fachpersonal erfolgen. Bei einer Neubestellung eines Protos\u00ae Integral kann diese ab Werk mitbestellt werden. Zubeh\u00f6r und Lampen k\u00f6nnen als Ersatzteile erworben werden.      <\/p>\n<p>Material: 100% Polycarbonat<br \/>\nBatterien: 4x Alkali AA<br \/>\nSicherheitszonen: ATEX Zone 1, Staub EX Zone 21<br \/>\nLichtstrom: 120 Lumen<br \/>\nLeuchtweite: ca. 150 m<br \/>\nSchutzgrad: II 2G Ex ib IIB T4 Gb<br \/>\nLichtquelle: CREE-LED XT-E (5W)<\/p>\n","protected":false},"excerpt":{"rendered":"<p>Die Maclip Light ist eine LED-Sicherheitsleuchte, die au\u00dfen am Protos\u00ae, wahlweise links oder rechts, montiert werden kann. Diese Lampe ist<\/p>\n","protected":false},"featured_media":610067,"template":"","meta":{"_seopress_robots_primary_cat":"none","_seopress_titles_title":"","_seopress_titles_desc":"","_seopress_robots_index":""},"product_brand":[3458,4381],"product_cat":[33,537,815],"product_tag":[],"class_list":{"0":"post-611666","1":"product","2":"type-product","3":"status-publish","4":"has-post-thumbnail","6":"product_brand-pfanner","7":"product_brand-protos","8":"product_cat-attrezzature","9":"product_cat-attrezzatura-da-lavoro","10":"product_cat-caschi","11":"sws-gruppo-no-gruppo-de","12":"sws-conto-ricavi-merci-rivendita-abbigliamento-de","13":"sws-gruppo-iva-iva81-de","15":"first","16":"instock","17":"shipping-taxable","18":"purchasable","19":"product-type-simple"},"_links":{"self":[{"href":"https:\/\/lucacastelli.com\/de\/wp-json\/wp\/v2\/product\/611666","targetHints":{"allow":["GET"]}}],"collection":[{"href":"https:\/\/lucacastelli.com\/de\/wp-json\/wp\/v2\/product"}],"about":[{"href":"https:\/\/lucacastelli.com\/de\/wp-json\/wp\/v2\/types\/product"}],"wp:featuredmedia":[{"embeddable":true,"href":"https:\/\/lucacastelli.com\/de\/wp-json\/wp\/v2\/media\/610067"}],"wp:attachment":[{"href":"https:\/\/lucacastelli.com\/de\/wp-json\/wp\/v2\/media?parent=611666"}],"wp:term":[{"taxonomy":"product_brand","embeddable":true,"href":"https:\/\/lucacastelli.com\/de\/wp-json\/wp\/v2\/product_brand?post=611666"},{"taxonomy":"product_cat","embeddable":true,"href":"https:\/\/lucacastelli.com\/de\/wp-json\/wp\/v2\/product_cat?post=611666"},{"taxonomy":"product_tag","embeddable":true,"href":"https:\/\/lucacastelli.com\/de\/wp-json\/wp\/v2\/product_tag?post=611666"}],"curies":[{"name":"wp","href":"https:\/\/api.w.org\/{rel}","templated":true}]}}