{"id":611658,"date":"2025-08-14T09:10:41","date_gmt":"2025-08-14T07:10:41","guid":{"rendered":"https:\/\/lucacastelli.com\/prodotto\/protos-clip-on-clear-befestigungsstifte\/"},"modified":"2026-04-15T09:45:56","modified_gmt":"2026-04-15T07:45:56","slug":"protos-clip-on-clear-befestigungsstifte","status":"publish","type":"product","link":"https:\/\/lucacastelli.com\/de\/produkt\/protos-clip-on-clear-befestigungsstifte\/","title":{"rendered":"Protos\u00ae Clip-On Clear Befestigungsstifte"},"content":{"rendered":"<p>Befestigungsstifte f\u00fcr die Montage des Clip-on-Clear-Sets. Ge\u00e4tzte Metallvisiere lassen sich im Handumdrehen in geschlossene Visiere umwandeln (z. B. f\u00fcr Freischneidearbeiten). Bietet zudem Schutz f\u00fcr das klare Visier (z. B. vor Kratzern) und ist leicht austauschbar.<br \/>\nInformationen<br \/>\nPET-Ersatzvisiere m\u00fcssen separat unter der Artikelnummer 204052 oder als Komplettset unter der Artikelnummer 204072 bestellt werden.  <\/p>\n<p>Verpackungseinheit: 2x Befestigungsstifte (1x links + 1x rechts)<\/p>\n","protected":false},"excerpt":{"rendered":"<p>Befestigungsstifte f\u00fcr die Montage des Clip-on-Clear-Sets. Ge\u00e4tzte Metallvisiere lassen sich im Handumdrehen in geschlossene Visiere umwandeln (z. B. f\u00fcr Freischneidearbeiten).<\/p>\n","protected":false},"featured_media":608838,"template":"","meta":{"_seopress_robots_primary_cat":"","_seopress_titles_title":"","_seopress_titles_desc":"","_seopress_robots_index":""},"product_brand":[3670,4720],"product_cat":[1396,150,1404],"product_tag":[],"class_list":{"0":"post-611658","1":"product","2":"type-product","3":"status-publish","4":"has-post-thumbnail","6":"product_brand-pfanner-de","7":"product_brand-protos-de","8":"product_cat-arbeitsausrustung","9":"product_cat-ausrustung","10":"product_cat-helme","11":"sws-gruppo-no-gruppo-de","12":"sws-conto-ricavi-merci-rivendita-abbigliamento-de","13":"sws-gruppo-iva-iva81-de","15":"first","16":"instock","17":"shipping-taxable","18":"purchasable","19":"product-type-simple"},"_links":{"self":[{"href":"https:\/\/lucacastelli.com\/de\/wp-json\/wp\/v2\/product\/611658","targetHints":{"allow":["GET"]}}],"collection":[{"href":"https:\/\/lucacastelli.com\/de\/wp-json\/wp\/v2\/product"}],"about":[{"href":"https:\/\/lucacastelli.com\/de\/wp-json\/wp\/v2\/types\/product"}],"wp:featuredmedia":[{"embeddable":true,"href":"https:\/\/lucacastelli.com\/de\/wp-json\/wp\/v2\/media\/608838"}],"wp:attachment":[{"href":"https:\/\/lucacastelli.com\/de\/wp-json\/wp\/v2\/media?parent=611658"}],"wp:term":[{"taxonomy":"product_brand","embeddable":true,"href":"https:\/\/lucacastelli.com\/de\/wp-json\/wp\/v2\/product_brand?post=611658"},{"taxonomy":"product_cat","embeddable":true,"href":"https:\/\/lucacastelli.com\/de\/wp-json\/wp\/v2\/product_cat?post=611658"},{"taxonomy":"product_tag","embeddable":true,"href":"https:\/\/lucacastelli.com\/de\/wp-json\/wp\/v2\/product_tag?post=611658"}],"curies":[{"name":"wp","href":"https:\/\/api.w.org\/{rel}","templated":true}]}}