{"id":611652,"date":"2025-08-14T18:57:20","date_gmt":"2025-08-14T16:57:20","guid":{"rendered":"https:\/\/lucacastelli.com\/prodotto\/protos-maclip-lichthalter\/"},"modified":"2026-04-15T03:55:01","modified_gmt":"2026-04-15T01:55:01","slug":"protos-maclip-lichthalter","status":"publish","type":"product","link":"https:\/\/lucacastelli.com\/de\/produkt\/protos-maclip-lichthalter\/","title":{"rendered":"Protos\u00ae Maclip Light Halterung"},"content":{"rendered":"<p>Magnet-Clip-System f\u00fcr Maclip Light (beidseitig verwendbar). Wenn Sie bei der Verwendung von Sicherheitsleuchten die H\u00e4nde frei haben m\u00fcssen, empfiehlt es sich, die Leuchte am Helm zu befestigen. Mit einer professionellen Halterung f\u00fcr Sicherheitsleuchten ist die Leuchte sicher fixiert und kann sich nicht l\u00f6sen.<br \/>\nInfo<br \/>\nDie Montage der Protos\u00ae Maclip Light Halterung (204076) am Protos\u00ae darf ausschlie\u00dflich durch Fachpersonal erfolgen. Bei einer Neubestellung eines Protos\u00ae Integral kann diese ab Werk mitbestellt werden. Zubeh\u00f6r und Leuchtmittel k\u00f6nnen als Ersatzteile erworben werden.<\/p>\n<p>Material: glasfaserverst\u00e4rktes Polyamid<\/p>\n","protected":false},"excerpt":{"rendered":"<p>Magnet-Clip-System f\u00fcr Maclip Light (beidseitig verwendbar). Wenn Sie bei der Verwendung von Sicherheitsleuchten die H\u00e4nde frei haben m\u00fcssen, empfiehlt es<\/p>\n","protected":false},"featured_media":610057,"template":"","meta":{"_seopress_robots_primary_cat":"","_seopress_titles_title":"","_seopress_titles_desc":"","_seopress_robots_index":""},"product_brand":[3670,4720],"product_cat":[150,1396,1404],"product_tag":[],"class_list":{"0":"post-611652","1":"product","2":"type-product","3":"status-publish","4":"has-post-thumbnail","6":"product_brand-pfanner-de","7":"product_brand-protos-de","8":"product_cat-ausrustung","9":"product_cat-arbeitsausrustung","10":"product_cat-helme","11":"sws-gruppo-no-gruppo-de","12":"sws-conto-ricavi-merci-rivendita-abbigliamento-de","13":"sws-gruppo-iva-iva81-de","15":"first","16":"instock","17":"shipping-taxable","18":"purchasable","19":"product-type-simple"},"_links":{"self":[{"href":"https:\/\/lucacastelli.com\/de\/wp-json\/wp\/v2\/product\/611652","targetHints":{"allow":["GET"]}}],"collection":[{"href":"https:\/\/lucacastelli.com\/de\/wp-json\/wp\/v2\/product"}],"about":[{"href":"https:\/\/lucacastelli.com\/de\/wp-json\/wp\/v2\/types\/product"}],"wp:featuredmedia":[{"embeddable":true,"href":"https:\/\/lucacastelli.com\/de\/wp-json\/wp\/v2\/media\/610057"}],"wp:attachment":[{"href":"https:\/\/lucacastelli.com\/de\/wp-json\/wp\/v2\/media?parent=611652"}],"wp:term":[{"taxonomy":"product_brand","embeddable":true,"href":"https:\/\/lucacastelli.com\/de\/wp-json\/wp\/v2\/product_brand?post=611652"},{"taxonomy":"product_cat","embeddable":true,"href":"https:\/\/lucacastelli.com\/de\/wp-json\/wp\/v2\/product_cat?post=611652"},{"taxonomy":"product_tag","embeddable":true,"href":"https:\/\/lucacastelli.com\/de\/wp-json\/wp\/v2\/product_tag?post=611652"}],"curies":[{"name":"wp","href":"https:\/\/api.w.org\/{rel}","templated":true}]}}