{"id":611648,"date":"2025-08-15T18:58:59","date_gmt":"2025-08-15T16:58:59","guid":{"rendered":"https:\/\/lucacastelli.com\/prodotto\/pfanner-merino-thermolite-4\/"},"modified":"2026-04-14T14:01:22","modified_gmt":"2026-04-14T12:01:22","slug":"pfanner-merino-thermolite-4","status":"publish","type":"product","link":"https:\/\/lucacastelli.com\/de\/produkt\/pfanner-merino-thermolite-4\/","title":{"rendered":"PFANNER Merino Thermolite"},"content":{"rendered":"<p>Klassische Schirmm\u00fctze mit Merino Thermolite Strickfutter. Im Gegensatz zu herk\u00f6mmlichen M\u00fctzen kratzt die hochwertige Merinowolle auch bei langem Tragen nicht. Das Thermolite-Innenfutter sorgt f\u00fcr optimale Atmungsaktivit\u00e4t. Die Merinowolle der Au\u00dfenm\u00fctze bietet beste Isolation und ist absolut geruchsneutral. Hochelastischer, verstellbarer 1\/1-Umschlag. Seit Jahren ein Bestseller und einzigartig in seiner High-Tech-Konstruktion.<br \/>\n-Doppelstrickm\u00fctze<br \/>\n-Thermolite-Strickfutter<br \/>\n-High-Tech-Struktur<br \/>\n-Kratzt nicht<br \/>\n-Wasserabweisend<br \/>\n-Hochelastisch     <\/p>\n<p>Material:<br \/>\nAu\u00dfen: 100 % Merinowolle<br \/>\nInnen: 100 % Thermolite<br \/>\nGr\u00f6\u00dfe: Einheitsgr\u00f6\u00dfe<\/p>\n","protected":false},"excerpt":{"rendered":"<p>Klassische Schirmm\u00fctze mit Merino Thermolite Strickfutter. Im Gegensatz zu herk\u00f6mmlichen M\u00fctzen kratzt die hochwertige Merinowolle auch bei langem Tragen nicht.<\/p>\n","protected":false},"featured_media":610528,"template":"","meta":{"_seopress_robots_primary_cat":"none","_seopress_titles_title":"","_seopress_titles_desc":"","_seopress_robots_index":""},"product_brand":[3670],"product_cat":[1391,82],"product_tag":[],"class_list":{"0":"post-611648","1":"product","2":"type-product","3":"status-publish","4":"has-post-thumbnail","6":"product_brand-pfanner-de","7":"product_cat-bekleidungs-accessoires","8":"product_cat-kleidung","9":"sws-gruppo-no-gruppo-de","10":"sws-conto-ricavi-merci-rivendita-abbigliamento-de","11":"sws-gruppo-iva-iva81-de","13":"first","14":"instock","15":"shipping-taxable","16":"purchasable","17":"product-type-variable","18":"has-default-attributes"},"_links":{"self":[{"href":"https:\/\/lucacastelli.com\/de\/wp-json\/wp\/v2\/product\/611648","targetHints":{"allow":["GET"]}}],"collection":[{"href":"https:\/\/lucacastelli.com\/de\/wp-json\/wp\/v2\/product"}],"about":[{"href":"https:\/\/lucacastelli.com\/de\/wp-json\/wp\/v2\/types\/product"}],"wp:featuredmedia":[{"embeddable":true,"href":"https:\/\/lucacastelli.com\/de\/wp-json\/wp\/v2\/media\/610528"}],"wp:attachment":[{"href":"https:\/\/lucacastelli.com\/de\/wp-json\/wp\/v2\/media?parent=611648"}],"wp:term":[{"taxonomy":"product_brand","embeddable":true,"href":"https:\/\/lucacastelli.com\/de\/wp-json\/wp\/v2\/product_brand?post=611648"},{"taxonomy":"product_cat","embeddable":true,"href":"https:\/\/lucacastelli.com\/de\/wp-json\/wp\/v2\/product_cat?post=611648"},{"taxonomy":"product_tag","embeddable":true,"href":"https:\/\/lucacastelli.com\/de\/wp-json\/wp\/v2\/product_tag?post=611648"}],"curies":[{"name":"wp","href":"https:\/\/api.w.org\/{rel}","templated":true}]}}