{"id":611643,"date":"2025-08-15T18:58:51","date_gmt":"2025-08-15T16:58:51","guid":{"rendered":"https:\/\/lucacastelli.com\/prodotto\/pfanner-merino-thermolite-3\/"},"modified":"2026-04-14T13:58:00","modified_gmt":"2026-04-14T11:58:00","slug":"pfanner-merino-thermolite-3","status":"publish","type":"product","link":"https:\/\/lucacastelli.com\/de\/produkt\/pfanner-merino-thermolite-3\/","title":{"rendered":"PFANNER Merino Thermolite"},"content":{"rendered":"<p>Klassische Schirmm\u00fctze mit Innenfutter aus PFANNER Merino Thermolite-Strick. Im Gegensatz zu normalen M\u00fctzen kratzt die hochwertige Merinowolle auch bei l\u00e4ngerem Tragen nicht. Das Thermolite-Innenfutter garantiert optimale Atmungsaktivit\u00e4t. Die Merinowolle der Aussenm\u00fctze bietet beste Isolierung und ein insgesamt geruchsneutrales Verhalten. Hochelastischer verstellbarer 1\/1-Umschlag. Seit Jahren ein Bestseller und einzigartig in seiner High-Tech-Konstruktion.<br \/>\n-Doppelstrick-M\u00fctze<br \/>\n-Innenfutter aus Thermolite-Strick<br \/>\n-High-Tech-Struktur<br \/>\n-Kratzt nicht<br \/>\n-Wasserabweisend<br \/>\n-Hochelastisch     <\/p>\n<p>Material:<br \/>\nAussen: 100% Merinowolle<br \/>\nInnen: 100% Thermolite<br \/>\nGr\u00f6sse: Einheitsgr\u00f6sse<\/p>\n","protected":false},"excerpt":{"rendered":"<p>Klassische Schirmm\u00fctze mit Innenfutter aus PFANNER Merino Thermolite-Strick. Im Gegensatz zu normalen M\u00fctzen kratzt die hochwertige Merinowolle auch bei l\u00e4ngerem<\/p>\n","protected":false},"featured_media":610520,"template":"","meta":{"_seopress_robots_primary_cat":"none","_seopress_titles_title":"","_seopress_titles_desc":"","_seopress_robots_index":""},"product_brand":[3670],"product_cat":[1391,82],"product_tag":[],"class_list":{"0":"post-611643","1":"product","2":"type-product","3":"status-publish","4":"has-post-thumbnail","6":"product_brand-pfanner-de","7":"product_cat-bekleidungs-accessoires","8":"product_cat-kleidung","9":"sws-gruppo-no-gruppo-de","10":"sws-conto-ricavi-merci-rivendita-abbigliamento-de","11":"sws-gruppo-iva-iva81-de","13":"first","14":"instock","15":"shipping-taxable","16":"purchasable","17":"product-type-variable","18":"has-default-attributes"},"_links":{"self":[{"href":"https:\/\/lucacastelli.com\/de\/wp-json\/wp\/v2\/product\/611643","targetHints":{"allow":["GET"]}}],"collection":[{"href":"https:\/\/lucacastelli.com\/de\/wp-json\/wp\/v2\/product"}],"about":[{"href":"https:\/\/lucacastelli.com\/de\/wp-json\/wp\/v2\/types\/product"}],"wp:featuredmedia":[{"embeddable":true,"href":"https:\/\/lucacastelli.com\/de\/wp-json\/wp\/v2\/media\/610520"}],"wp:attachment":[{"href":"https:\/\/lucacastelli.com\/de\/wp-json\/wp\/v2\/media?parent=611643"}],"wp:term":[{"taxonomy":"product_brand","embeddable":true,"href":"https:\/\/lucacastelli.com\/de\/wp-json\/wp\/v2\/product_brand?post=611643"},{"taxonomy":"product_cat","embeddable":true,"href":"https:\/\/lucacastelli.com\/de\/wp-json\/wp\/v2\/product_cat?post=611643"},{"taxonomy":"product_tag","embeddable":true,"href":"https:\/\/lucacastelli.com\/de\/wp-json\/wp\/v2\/product_tag?post=611643"}],"curies":[{"name":"wp","href":"https:\/\/api.w.org\/{rel}","templated":true}]}}