{"id":611631,"date":"2025-08-15T18:58:26","date_gmt":"2025-08-15T16:58:26","guid":{"rendered":"https:\/\/lucacastelli.com\/prodotto\/pfanner-merino-thermolite\/"},"modified":"2026-04-14T13:59:47","modified_gmt":"2026-04-14T11:59:47","slug":"pfanner-merino-thermolite","status":"publish","type":"product","link":"https:\/\/lucacastelli.com\/de\/produkt\/pfanner-merino-thermolite\/","title":{"rendered":"PFANNER Merino Thermolite"},"content":{"rendered":"<p>Klassische Schirmm\u00fctze mit Merino Thermolite Strickfutter. Im Gegensatz zu herk\u00f6mmlichen M\u00fctzen kratzt die hochwertige Merinowolle auch bei langem Tragen nicht. Das Thermolite-Innenfutter garantiert optimale Atmungsaktivit\u00e4t. Die Merinowolle der Au\u00dfenm\u00fctze bietet beste Isolation und ist absolut geruchsneutral. Hochelastischer, verstellbarer 1\/1-Umschlag. Seit Jahren ein Bestseller und einzigartig in seiner High-Tech-Konstruktion.<br \/>\n-Doppelstrickm\u00fctze<br \/>\n-Thermolite-Strickfutter<br \/>\n-High-Tech-Struktur<br \/>\n-Kratzt nicht<br \/>\n-Wasserabweisend<br \/>\n-Hochelastisch     <\/p>\n<p>Material:<br \/>\nAu\u00dfen: 100 % Merinowolle<br \/>\nInnen: 100 % Thermolite<br \/>\nGr\u00f6\u00dfe: Einheitsgr\u00f6\u00dfe<\/p>\n","protected":false},"excerpt":{"rendered":"<p>Klassische Schirmm\u00fctze mit Merino Thermolite Strickfutter. Im Gegensatz zu herk\u00f6mmlichen M\u00fctzen kratzt die hochwertige Merinowolle auch bei langem Tragen nicht.<\/p>\n","protected":false},"featured_media":610516,"template":"","meta":{"_seopress_robots_primary_cat":"","_seopress_titles_title":"","_seopress_titles_desc":"","_seopress_robots_index":""},"product_brand":[3458],"product_cat":[21,186],"product_tag":[],"class_list":{"0":"post-611631","1":"product","2":"type-product","3":"status-publish","4":"has-post-thumbnail","6":"product_brand-pfanner","7":"product_cat-abbigliamento","8":"product_cat-accessori-per-labbigliamento","9":"sws-gruppo-no-gruppo-de","10":"sws-conto-ricavi-merci-rivendita-abbigliamento-de","11":"sws-gruppo-iva-iva81-de","13":"first","14":"instock","15":"shipping-taxable","16":"purchasable","17":"product-type-variable","18":"has-default-attributes"},"_links":{"self":[{"href":"https:\/\/lucacastelli.com\/de\/wp-json\/wp\/v2\/product\/611631","targetHints":{"allow":["GET"]}}],"collection":[{"href":"https:\/\/lucacastelli.com\/de\/wp-json\/wp\/v2\/product"}],"about":[{"href":"https:\/\/lucacastelli.com\/de\/wp-json\/wp\/v2\/types\/product"}],"wp:featuredmedia":[{"embeddable":true,"href":"https:\/\/lucacastelli.com\/de\/wp-json\/wp\/v2\/media\/610516"}],"wp:attachment":[{"href":"https:\/\/lucacastelli.com\/de\/wp-json\/wp\/v2\/media?parent=611631"}],"wp:term":[{"taxonomy":"product_brand","embeddable":true,"href":"https:\/\/lucacastelli.com\/de\/wp-json\/wp\/v2\/product_brand?post=611631"},{"taxonomy":"product_cat","embeddable":true,"href":"https:\/\/lucacastelli.com\/de\/wp-json\/wp\/v2\/product_cat?post=611631"},{"taxonomy":"product_tag","embeddable":true,"href":"https:\/\/lucacastelli.com\/de\/wp-json\/wp\/v2\/product_tag?post=611631"}],"curies":[{"name":"wp","href":"https:\/\/api.w.org\/{rel}","templated":true}]}}