{"id":611629,"date":"2025-08-10T15:17:37","date_gmt":"2025-08-10T13:17:37","guid":{"rendered":"https:\/\/lucacastelli.com\/prodotto\/milwaukee-bifokal-schutzbrille-2\/"},"modified":"2025-08-10T15:17:37","modified_gmt":"2025-08-10T13:17:37","slug":"milwaukee-bifokal-schutzbrille-2","status":"publish","type":"product","link":"https:\/\/lucacastelli.com\/de\/produkt\/milwaukee-bifokal-schutzbrille-2\/","title":{"rendered":"Milwaukee Bifokal-Schutzbrille"},"content":{"rendered":"<p>KLEINE SICHERHEITSGL\u00c4SER (+2,5) &#8211; 1PC<br \/>\nGraduierte Gl\u00e4ser: bieten dem Benutzer eine optische Korrektur f\u00fcr eine bessere Sicht im Nahbereich;Leichtes Gewicht f\u00fcr lang anhaltenden Tragekomfort;Kratzfeste Gl\u00e4ser f\u00fcr maximale Haltbarkeit;Bequeme und flexible B\u00fcgel f\u00fcr lang anhaltenden Komfort;Europ\u00e4ische Zertifizierung: EN166 und EN170<\/p>\n<p>4932478912<br \/>\n4058546361945<\/p>\n","protected":false},"excerpt":{"rendered":"<p>KLARE SCHUTZBRILLE (+2,5) &#8211; 1ST.<\/p>\n","protected":false},"featured_media":542298,"template":"","meta":{"_seopress_robots_primary_cat":"","_seopress_titles_title":"","_seopress_titles_desc":"","_seopress_robots_index":""},"product_brand":[3407],"product_cat":[33,537,816],"product_tag":[3270],"class_list":{"0":"post-611629","1":"product","2":"type-product","3":"status-publish","4":"has-post-thumbnail","6":"product_brand-milwaukee","7":"product_cat-attrezzature","8":"product_cat-attrezzatura-da-lavoro","9":"product_cat-visiere-e-occhiali-protettivi","10":"product_tag-import-milwau","11":"sws-conto-ricavi-merci-rivendita-macchinari-de","12":"sws-gruppo-iva-iva81-de","14":"first","15":"onbackorder","16":"shipping-taxable","17":"purchasable","18":"product-type-simple"},"_links":{"self":[{"href":"https:\/\/lucacastelli.com\/de\/wp-json\/wp\/v2\/product\/611629","targetHints":{"allow":["GET"]}}],"collection":[{"href":"https:\/\/lucacastelli.com\/de\/wp-json\/wp\/v2\/product"}],"about":[{"href":"https:\/\/lucacastelli.com\/de\/wp-json\/wp\/v2\/types\/product"}],"wp:featuredmedia":[{"embeddable":true,"href":"https:\/\/lucacastelli.com\/de\/wp-json\/wp\/v2\/media\/542298"}],"wp:attachment":[{"href":"https:\/\/lucacastelli.com\/de\/wp-json\/wp\/v2\/media?parent=611629"}],"wp:term":[{"taxonomy":"product_brand","embeddable":true,"href":"https:\/\/lucacastelli.com\/de\/wp-json\/wp\/v2\/product_brand?post=611629"},{"taxonomy":"product_cat","embeddable":true,"href":"https:\/\/lucacastelli.com\/de\/wp-json\/wp\/v2\/product_cat?post=611629"},{"taxonomy":"product_tag","embeddable":true,"href":"https:\/\/lucacastelli.com\/de\/wp-json\/wp\/v2\/product_tag?post=611629"}],"curies":[{"name":"wp","href":"https:\/\/api.w.org\/{rel}","templated":true}]}}