{"id":611618,"date":"2025-08-10T15:17:35","date_gmt":"2025-08-10T13:17:35","guid":{"rendered":"https:\/\/lucacastelli.com\/prodotto\/milwaukee-performance-schutzbrillen-8\/"},"modified":"2025-08-10T15:17:35","modified_gmt":"2025-08-10T13:17:35","slug":"milwaukee-performance-schutzbrillen-8","status":"publish","type":"product","link":"https:\/\/lucacastelli.com\/de\/produkt\/milwaukee-performance-schutzbrillen-8\/","title":{"rendered":"Milwaukee PERFORMANCE Schutzbrillen"},"content":{"rendered":"<p>OCCH SICUR PERFORMANCE dark -1pcs<br \/>\nGl\u00e4ser mit Anti-Kratz-Behandlung;Gl\u00e4ser mit Anti-Beschlag-Behandlung;Weiche, flexible Arme f\u00fcr lang anhaltenden Tragekomfort;Europ\u00e4ische Zertifizierung: EN166, EN168 und EN172<\/p>\n<p>4932471884<br \/>\n4058546297831<\/p>\n","protected":false},"excerpt":{"rendered":"<p>SICUR PERFORMANCE EYES dark -1pcs<\/p>\n","protected":false},"featured_media":538244,"template":"","meta":{"_seopress_robots_primary_cat":"","_seopress_titles_title":"","_seopress_titles_desc":"","_seopress_robots_index":""},"product_brand":[3407],"product_cat":[33,537,816],"product_tag":[3270],"class_list":{"0":"post-611618","1":"product","2":"type-product","3":"status-publish","4":"has-post-thumbnail","6":"product_brand-milwaukee","7":"product_cat-attrezzature","8":"product_cat-attrezzatura-da-lavoro","9":"product_cat-visiere-e-occhiali-protettivi","10":"product_tag-import-milwau","11":"sws-conto-ricavi-merci-rivendita-macchinari-de","12":"sws-gruppo-iva-iva81-de","14":"first","15":"onbackorder","16":"shipping-taxable","17":"purchasable","18":"product-type-simple"},"_links":{"self":[{"href":"https:\/\/lucacastelli.com\/de\/wp-json\/wp\/v2\/product\/611618","targetHints":{"allow":["GET"]}}],"collection":[{"href":"https:\/\/lucacastelli.com\/de\/wp-json\/wp\/v2\/product"}],"about":[{"href":"https:\/\/lucacastelli.com\/de\/wp-json\/wp\/v2\/types\/product"}],"wp:featuredmedia":[{"embeddable":true,"href":"https:\/\/lucacastelli.com\/de\/wp-json\/wp\/v2\/media\/538244"}],"wp:attachment":[{"href":"https:\/\/lucacastelli.com\/de\/wp-json\/wp\/v2\/media?parent=611618"}],"wp:term":[{"taxonomy":"product_brand","embeddable":true,"href":"https:\/\/lucacastelli.com\/de\/wp-json\/wp\/v2\/product_brand?post=611618"},{"taxonomy":"product_cat","embeddable":true,"href":"https:\/\/lucacastelli.com\/de\/wp-json\/wp\/v2\/product_cat?post=611618"},{"taxonomy":"product_tag","embeddable":true,"href":"https:\/\/lucacastelli.com\/de\/wp-json\/wp\/v2\/product_tag?post=611618"}],"curies":[{"name":"wp","href":"https:\/\/api.w.org\/{rel}","templated":true}]}}