{"id":611613,"date":"2025-08-10T16:22:43","date_gmt":"2025-08-10T14:22:43","guid":{"rendered":"https:\/\/lucacastelli.com\/prodotto\/milwaukee-brecherwagen\/"},"modified":"2025-08-10T16:22:43","modified_gmt":"2025-08-10T14:22:43","slug":"milwaukee-brecherwagen","status":"publish","type":"product","link":"https:\/\/lucacastelli.com\/de\/produkt\/milwaukee-brecherwagen\/","title":{"rendered":"Milwaukee Brecherwagen"},"content":{"rendered":"<p>BRT\/DEMOLITOREN UND PERFORATOREN<br \/>\nWagen mit Geh\u00e4use f\u00fcr vier Bohrer und Kabel, das den Transport erleichtert;100 kg Tragf\u00e4higkeit;Pulverbeschichtete Oberfl\u00e4che sch\u00fctzt vor St\u00f6\u00dfen;Kompatibel mit den Modellen K2000 H und K2628 H<\/p>\n<p>4933459794<br \/>\n4058546029661<\/p>\n","protected":false},"excerpt":{"rendered":"<p>BRT\/DEMOLIERER UND BOHRER<\/p>\n","protected":false},"featured_media":572880,"template":"","meta":{"_seopress_robots_primary_cat":"","_seopress_titles_title":"","_seopress_titles_desc":"","_seopress_robots_index":""},"product_brand":[3407],"product_cat":[5531,29],"product_tag":[3270],"class_list":{"0":"post-611613","1":"product","2":"type-product","3":"status-publish","4":"has-post-thumbnail","6":"product_brand-milwaukee","7":"product_cat-vari-macchinari-milwaukee","8":"product_cat-macchinari","9":"product_tag-import-milwau","10":"sws-conto-ricavi-merci-rivendita-macchinari-de","11":"sws-gruppo-iva-iva81-de","13":"first","14":"onbackorder","15":"sale","16":"shipping-taxable","17":"purchasable","18":"product-type-simple"},"_links":{"self":[{"href":"https:\/\/lucacastelli.com\/de\/wp-json\/wp\/v2\/product\/611613","targetHints":{"allow":["GET"]}}],"collection":[{"href":"https:\/\/lucacastelli.com\/de\/wp-json\/wp\/v2\/product"}],"about":[{"href":"https:\/\/lucacastelli.com\/de\/wp-json\/wp\/v2\/types\/product"}],"wp:featuredmedia":[{"embeddable":true,"href":"https:\/\/lucacastelli.com\/de\/wp-json\/wp\/v2\/media\/572880"}],"wp:attachment":[{"href":"https:\/\/lucacastelli.com\/de\/wp-json\/wp\/v2\/media?parent=611613"}],"wp:term":[{"taxonomy":"product_brand","embeddable":true,"href":"https:\/\/lucacastelli.com\/de\/wp-json\/wp\/v2\/product_brand?post=611613"},{"taxonomy":"product_cat","embeddable":true,"href":"https:\/\/lucacastelli.com\/de\/wp-json\/wp\/v2\/product_cat?post=611613"},{"taxonomy":"product_tag","embeddable":true,"href":"https:\/\/lucacastelli.com\/de\/wp-json\/wp\/v2\/product_tag?post=611613"}],"curies":[{"name":"wp","href":"https:\/\/api.w.org\/{rel}","templated":true}]}}