{"id":611610,"date":"2025-08-10T16:22:40","date_gmt":"2025-08-10T14:22:40","guid":{"rendered":"https:\/\/lucacastelli.com\/prodotto\/milwaukee-tellerrad-sdcwa-125mm-1st\/"},"modified":"2025-08-10T16:22:40","modified_gmt":"2025-08-10T14:22:40","slug":"milwaukee-tellerrad-sdcwa-125mm-1st","status":"publish","type":"product","link":"https:\/\/lucacastelli.com\/de\/produkt\/milwaukee-tellerrad-sdcwa-125mm-1st\/","title":{"rendered":"Milwaukee Tellerrad SDCWA 125mm-1St."},"content":{"rendered":"<p>Dia.Cup Wheel SDCWA 125mm-1pc<br \/>\nHochwertige Diamantpartikel und eine spezielle Verst\u00e4rkung erh\u00f6hen die Haltbarkeit und beschleunigen den Materialabtrag;Zum gleichm\u00e4\u00dfigen Schleifen von Beton-, Granit- und Natursteinoberfl\u00e4chen;Zum schnellen Schleifen von gro\u00dfen Betonschichten sowie thermoplastischen und farbigen Schutzbeschichtungen<\/p>\n<p>4932479093<br \/>\n4058546368876<\/p>\n","protected":false},"excerpt":{"rendered":"<p>Tellerrad SDCWA 125mm-1St.<\/p>\n","protected":false},"featured_media":497554,"template":"","meta":{"_seopress_robots_primary_cat":"","_seopress_titles_title":"","_seopress_titles_desc":"","_seopress_robots_index":""},"product_brand":[3407],"product_cat":[5531,29],"product_tag":[3270],"class_list":{"0":"post-611610","1":"product","2":"type-product","3":"status-publish","4":"has-post-thumbnail","6":"product_brand-milwaukee","7":"product_cat-vari-macchinari-milwaukee","8":"product_cat-macchinari","9":"product_tag-import-milwau","10":"sws-conto-ricavi-merci-rivendita-macchinari-de","11":"sws-gruppo-iva-iva81-de","13":"first","14":"onbackorder","15":"sale","16":"shipping-taxable","17":"purchasable","18":"product-type-simple"},"_links":{"self":[{"href":"https:\/\/lucacastelli.com\/de\/wp-json\/wp\/v2\/product\/611610","targetHints":{"allow":["GET"]}}],"collection":[{"href":"https:\/\/lucacastelli.com\/de\/wp-json\/wp\/v2\/product"}],"about":[{"href":"https:\/\/lucacastelli.com\/de\/wp-json\/wp\/v2\/types\/product"}],"wp:featuredmedia":[{"embeddable":true,"href":"https:\/\/lucacastelli.com\/de\/wp-json\/wp\/v2\/media\/497554"}],"wp:attachment":[{"href":"https:\/\/lucacastelli.com\/de\/wp-json\/wp\/v2\/media?parent=611610"}],"wp:term":[{"taxonomy":"product_brand","embeddable":true,"href":"https:\/\/lucacastelli.com\/de\/wp-json\/wp\/v2\/product_brand?post=611610"},{"taxonomy":"product_cat","embeddable":true,"href":"https:\/\/lucacastelli.com\/de\/wp-json\/wp\/v2\/product_cat?post=611610"},{"taxonomy":"product_tag","embeddable":true,"href":"https:\/\/lucacastelli.com\/de\/wp-json\/wp\/v2\/product_tag?post=611610"}],"curies":[{"name":"wp","href":"https:\/\/api.w.org\/{rel}","templated":true}]}}