{"id":611602,"date":"2025-08-10T16:22:37","date_gmt":"2025-08-10T14:22:37","guid":{"rendered":"https:\/\/lucacastelli.com\/prodotto\/milwaukee-152-mm-verlaengerung-fuer-m18-nietmaschine-onefprt\/"},"modified":"2025-08-10T16:22:37","modified_gmt":"2025-08-10T14:22:37","slug":"milwaukee-152-mm-verlaengerung-fuer-m18-nietmaschine-onefprt","status":"publish","type":"product","link":"https:\/\/lucacastelli.com\/de\/produkt\/milwaukee-152-mm-verlaengerung-fuer-m18-nietmaschine-onefprt\/","title":{"rendered":"Milwaukee 152 mm Verl\u00e4ngerung f\u00fcr M18 Nietmaschine ONEFPRT"},"content":{"rendered":"<p>M18 Fuel Rivet Tool Extension Nose<br \/>\n152 mm Verl\u00e4ngerung zum Anbringen von Nieten in engen R\u00e4umen;Metallverl\u00e4ngerung mit einem Werkzeughalsdurchmesser von nur 33 mm;Kompatibel mit 4,8 mm, 6,0 mm, 6,4 mm und 7,0 mm Durchmesser D\u00fcsen f\u00fcr M18 FUEL\u2122 ONE-KEY\u2122 Nietmaschine<\/p>\n<p>4932478962<br \/>\n4058546362447<\/p>\n","protected":false},"excerpt":{"rendered":"<p>M18 Fuel Niet Tool Extension Nose<\/p>\n","protected":false},"featured_media":542588,"template":"","meta":{"_seopress_robots_primary_cat":"","_seopress_titles_title":"","_seopress_titles_desc":"","_seopress_robots_index":""},"product_brand":[3407],"product_cat":[5531,29],"product_tag":[3270],"class_list":{"0":"post-611602","1":"product","2":"type-product","3":"status-publish","4":"has-post-thumbnail","6":"product_brand-milwaukee","7":"product_cat-vari-macchinari-milwaukee","8":"product_cat-macchinari","9":"product_tag-import-milwau","10":"sws-conto-ricavi-merci-rivendita-macchinari-de","11":"sws-gruppo-iva-iva81-de","13":"first","14":"onbackorder","15":"sale","16":"shipping-taxable","17":"purchasable","18":"product-type-simple"},"_links":{"self":[{"href":"https:\/\/lucacastelli.com\/de\/wp-json\/wp\/v2\/product\/611602","targetHints":{"allow":["GET"]}}],"collection":[{"href":"https:\/\/lucacastelli.com\/de\/wp-json\/wp\/v2\/product"}],"about":[{"href":"https:\/\/lucacastelli.com\/de\/wp-json\/wp\/v2\/types\/product"}],"wp:featuredmedia":[{"embeddable":true,"href":"https:\/\/lucacastelli.com\/de\/wp-json\/wp\/v2\/media\/542588"}],"wp:attachment":[{"href":"https:\/\/lucacastelli.com\/de\/wp-json\/wp\/v2\/media?parent=611602"}],"wp:term":[{"taxonomy":"product_brand","embeddable":true,"href":"https:\/\/lucacastelli.com\/de\/wp-json\/wp\/v2\/product_brand?post=611602"},{"taxonomy":"product_cat","embeddable":true,"href":"https:\/\/lucacastelli.com\/de\/wp-json\/wp\/v2\/product_cat?post=611602"},{"taxonomy":"product_tag","embeddable":true,"href":"https:\/\/lucacastelli.com\/de\/wp-json\/wp\/v2\/product_tag?post=611602"}],"curies":[{"name":"wp","href":"https:\/\/api.w.org\/{rel}","templated":true}]}}